{"id":1093,"date":"2026-02-12T17:21:54","date_gmt":"2026-02-12T16:21:54","guid":{"rendered":"https:\/\/penya-blaugrana-rossello.com\/contacta-amb-nosaltres\/"},"modified":"2026-03-07T13:02:42","modified_gmt":"2026-03-07T12:02:42","slug":"contacta-amb-nosaltres","status":"publish","type":"page","link":"http:\/\/penya-blaugrana-rossello.com\/ca\/contacta-amb-nosaltres\/","title":{"rendered":"Contacta amb nosaltres"},"content":{"rendered":"\t\t<div data-elementor-type=\"wp-page\" data-elementor-id=\"1093\" class=\"elementor elementor-1093 elementor-673\" data-elementor-post-type=\"page\">\n\t\t\t\t<div class=\"elementor-element elementor-element-7c76e464 e-flex e-con-boxed e-con e-parent\" data-id=\"7c76e464\" data-element_type=\"container\" data-e-type=\"container\" data-settings=\"{&quot;background_background&quot;:&quot;classic&quot;}\">\n\t\t\t\t\t<div class=\"e-con-inner\">\n\t\t<div class=\"elementor-element elementor-element-8d34e8a e-flex e-con-boxed e-con e-child\" data-id=\"8d34e8a\" data-element_type=\"container\" data-e-type=\"container\" data-settings=\"{&quot;background_background&quot;:&quot;classic&quot;}\">\n\t\t\t\t\t<div class=\"e-con-inner\">\n\t\t<div class=\"elementor-element elementor-element-28817b40 e-flex e-con-boxed e-con e-child\" data-id=\"28817b40\" data-element_type=\"container\" data-e-type=\"container\" data-settings=\"{&quot;background_background&quot;:&quot;classic&quot;}\">\n\t\t\t\t\t<div class=\"e-con-inner\">\n\t\t\t\t<div class=\"elementor-element elementor-element-97f323d elementor-widget elementor-widget-heading\" data-id=\"97f323d\" data-element_type=\"widget\" data-e-type=\"widget\" data-widget_type=\"heading.default\">\n\t\t\t\t\t<h2 class=\"elementor-heading-title elementor-size-default\">Penya Blaugrana del Rossell\u00f3<\/h2>\t\t\t\t<\/div>\n\t\t\t\t<div class=\"elementor-element elementor-element-c387508 elementor-widget elementor-widget-heading\" data-id=\"c387508\" data-element_type=\"widget\" data-e-type=\"widget\" data-widget_type=\"heading.default\">\n\t\t\t\t\t<h2 class=\"elementor-heading-title elementor-size-default\">1042<\/h2>\t\t\t\t<\/div>\n\t\t<div class=\"elementor-element elementor-element-223d309 e-con-full e-flex e-con e-child\" data-id=\"223d309\" data-element_type=\"container\" data-e-type=\"container\">\n\t\t\t\t<div class=\"elementor-element elementor-element-964cca0 elementor-widget elementor-widget-text-editor\" data-id=\"964cca0\" data-element_type=\"widget\" data-e-type=\"widget\" data-widget_type=\"text-editor.default\">\n\t\t\t\t\t\t\t\t\t<p>Vols unir-te a la Penya, organitzar un despla\u00e7ament, proposar una col\u00b7laboraci\u00f3 o simplement fer una pregunta? Escriu-nos a trav\u00e9s del formulari o contacta&#8217;ns directament.<\/p>\t\t\t\t\t\t\t\t<\/div>\n\t\t\t\t<\/div>\n\t\t<div class=\"elementor-element elementor-element-5fd9dfb3 e-con-full e-flex e-con e-child\" data-id=\"5fd9dfb3\" data-element_type=\"container\" data-e-type=\"container\" data-settings=\"{&quot;background_background&quot;:&quot;classic&quot;}\">\n\t\t<div class=\"elementor-element elementor-element-52f70db e-con-full e-flex e-con e-child\" data-id=\"52f70db\" data-element_type=\"container\" data-e-type=\"container\">\n\t\t\t\t<div class=\"elementor-element elementor-element-6e17488 form-penya elementor-button-align-stretch elementor-widget elementor-widget-form\" data-id=\"6e17488\" data-element_type=\"widget\" data-e-type=\"widget\" data-settings=\"{&quot;step_next_label&quot;:&quot;Seg\\u00fcent&quot;,&quot;step_previous_label&quot;:&quot;Anterior&quot;,&quot;button_width&quot;:&quot;100&quot;,&quot;step_type&quot;:&quot;number_text&quot;,&quot;step_icon_shape&quot;:&quot;circle&quot;}\" data-widget_type=\"form.default\">\n\t\t\t\t\t\t\t<form class=\"elementor-form\" method=\"post\" name=\"Nou formulari\" aria-label=\"Nou formulari\">\n\t\t\t<input type=\"hidden\" name=\"post_id\" value=\"1093\"\/>\n\t\t\t<input type=\"hidden\" name=\"form_id\" value=\"6e17488\"\/>\n\t\t\t<input type=\"hidden\" name=\"referer_title\" value=\"Contacta amb nosaltres - Penya Blaugrana del Rossell\u00f3\" \/>\n\n\t\t\t\t\t\t\t<input type=\"hidden\" name=\"queried_id\" value=\"1093\"\/>\n\t\t\t\n\t\t\t<div class=\"elementor-form-fields-wrapper elementor-labels-above\">\n\t\t\t\t\t\t\t\t<div class=\"elementor-field-type-text elementor-field-group elementor-column elementor-field-group-name elementor-col-100\">\n\t\t\t\t\t\t\t\t\t\t\t\t<label for=\"form-field-name\" class=\"elementor-field-label\">\n\t\t\t\t\t\t\t\tCognom\t\t\t\t\t\t\t<\/label>\n\t\t\t\t\t\t\t\t\t\t\t\t\t\t<input size=\"1\" type=\"text\" name=\"form_fields[name]\" id=\"form-field-name\" class=\"elementor-field elementor-size-sm  elementor-field-textual\" placeholder=\"Cognom\">\n\t\t\t\t\t\t\t\t\t\t\t<\/div>\n\t\t\t\t\t\t\t\t<div class=\"elementor-field-type-text elementor-field-group elementor-column elementor-field-group-field_5f189a2 elementor-col-100\">\n\t\t\t\t\t\t\t\t\t\t\t\t<label for=\"form-field-field_5f189a2\" class=\"elementor-field-label\">\n\t\t\t\t\t\t\t\tNom\t\t\t\t\t\t\t<\/label>\n\t\t\t\t\t\t\t\t\t\t\t\t\t\t<input size=\"1\" type=\"text\" name=\"form_fields[field_5f189a2]\" id=\"form-field-field_5f189a2\" class=\"elementor-field elementor-size-sm  elementor-field-textual\" placeholder=\"Nom\">\n\t\t\t\t\t\t\t\t\t\t\t<\/div>\n\t\t\t\t\t\t\t\t<div class=\"elementor-field-type-email elementor-field-group elementor-column elementor-field-group-email elementor-col-100 elementor-field-required\">\n\t\t\t\t\t\t\t\t\t\t\t\t<label for=\"form-field-email\" class=\"elementor-field-label\">\n\t\t\t\t\t\t\t\tCorreu electr\u00f2nic\t\t\t\t\t\t\t<\/label>\n\t\t\t\t\t\t\t\t\t\t\t\t\t\t<input size=\"1\" type=\"email\" name=\"form_fields[email]\" id=\"form-field-email\" class=\"elementor-field elementor-size-sm  elementor-field-textual\" placeholder=\"Correu electr\u00f2nic\" required=\"required\">\n\t\t\t\t\t\t\t\t\t\t\t<\/div>\n\t\t\t\t\t\t\t\t<div class=\"elementor-field-type-tel elementor-field-group elementor-column elementor-field-group-field_031d733 elementor-col-100\">\n\t\t\t\t\t\t\t\t\t\t\t\t<label for=\"form-field-field_031d733\" class=\"elementor-field-label\">\n\t\t\t\t\t\t\t\tTel\u00e8fon\t\t\t\t\t\t\t<\/label>\n\t\t\t\t\t\t\t\t<input size=\"1\" type=\"tel\" name=\"form_fields[field_031d733]\" id=\"form-field-field_031d733\" class=\"elementor-field elementor-size-sm  elementor-field-textual\" placeholder=\"+33600000000\" pattern=\"[0-9()#&amp;+*-=.]+\" title=\"Only numbers and phone characters (#, -, *, etc) are accepted.\">\n\n\t\t\t\t\t\t<\/div>\n\t\t\t\t\t\t\t\t<div class=\"elementor-field-type-textarea elementor-field-group elementor-column elementor-field-group-message elementor-col-100\">\n\t\t\t\t\t\t\t\t\t\t\t\t<label for=\"form-field-message\" class=\"elementor-field-label\">\n\t\t\t\t\t\t\t\tMissatge\t\t\t\t\t\t\t<\/label>\n\t\t\t\t\t\t<textarea class=\"elementor-field-textual elementor-field  elementor-size-sm\" name=\"form_fields[message]\" id=\"form-field-message\" rows=\"4\" placeholder=\"Missatge\"><\/textarea>\t\t\t\t<\/div>\n\t\t\t\t\t\t\t\t<div class=\"elementor-field-group elementor-column elementor-field-type-submit elementor-col-100 e-form__buttons\">\n\t\t\t\t\t<button class=\"elementor-button elementor-size-sm\" type=\"submit\">\n\t\t\t\t\t\t<span class=\"elementor-button-content-wrapper\">\n\t\t\t\t\t\t\t\t\t\t\t\t\t\t\t\t\t\t\t\t\t\t<span class=\"elementor-button-text\">Enviar<\/span>\n\t\t\t\t\t\t\t\t\t\t\t\t\t<\/span>\n\t\t\t\t\t<\/button>\n\t\t\t\t<\/div>\n\t\t\t<\/div>\n\t\t<\/form>\n\t\t\t\t\t\t<\/div>\n\t\t\t\t<\/div>\n\t\t<div class=\"elementor-element elementor-element-330b585c e-con-full e-flex e-con e-child\" data-id=\"330b585c\" data-element_type=\"container\" data-e-type=\"container\">\n\t\t\t\t<div class=\"elementor-element elementor-element-7d1056d elementor-widget elementor-widget-heading\" data-id=\"7d1056d\" data-element_type=\"widget\" data-e-type=\"widget\" data-widget_type=\"heading.default\">\n\t\t\t\t\t<h2 class=\"elementor-heading-title elementor-size-default\">Penya Blaugrana del Rossell\u00f3<\/h2>\t\t\t\t<\/div>\n\t\t\t\t<div class=\"elementor-element elementor-element-b2842d2 map-vintage elementor-widget elementor-widget-google_maps\" data-id=\"b2842d2\" data-element_type=\"widget\" data-e-type=\"widget\" data-widget_type=\"google_maps.default\">\n\t\t\t\t\t\t\t<div class=\"elementor-custom-embed\">\n\t\t\t<iframe loading=\"lazy\"\n\t\t\t\t\tsrc=\"https:\/\/maps.google.com\/maps?q=25%20rue%20merlot%2C%2066280%2C%20Saleilles&#038;t=m&#038;z=14&#038;output=embed&#038;iwloc=near\"\n\t\t\t\t\ttitle=\"25 rue merlot, 66280, Saleilles\"\n\t\t\t\t\taria-label=\"25 rue merlot, 66280, Saleilles\"\n\t\t\t><\/iframe>\n\t\t<\/div>\n\t\t\t\t\t\t<\/div>\n\t\t\t\t<div class=\"elementor-element elementor-element-eefd612 elementor-widget elementor-widget-text-editor\" data-id=\"eefd612\" data-element_type=\"widget\" data-e-type=\"widget\" data-widget_type=\"text-editor.default\">\n\t\t\t\t\t\t\t\t\t<p>\ud83d\udccd Seu oficial \u2013 Catalunya Nord<\/p><p><strong data-start=\"2056\" data-end=\"2067\">Adre\u00e7a<\/strong> : 25 rue du Merlot, 66280 Saleilles<br data-start=\"2103\" data-end=\"2106\"><strong data-start=\"2106\" data-end=\"2119\">Tel\u00e8fon<\/strong> : <a href=\"tel:+33628155517\">+33 6 28 15 55 17<\/a><br data-start=\"2139\" data-end=\"2142\"><strong data-start=\"2142\" data-end=\"2151\">Correu electr\u00f2nic<\/strong> : <a class=\"decorated-link cursor-pointer\" href=\"mailto:penya.rossello@gmail.com\" rel=\"noopener\" data-start=\"2154\" data-end=\"2178\">penya.rossello@gmail.com<\/a><\/p>\t\t\t\t\t\t\t\t<\/div>\n\t\t\t\t<\/div>\n\t\t\t\t<\/div>\n\t\t\t\t\t<\/div>\n\t\t\t\t<\/div>\n\t\t\t\t\t<\/div>\n\t\t\t\t<\/div>\n\t\t\t\t\t<\/div>\n\t\t\t\t<\/div>\n\t\t\t\t<\/div>\n\t\t","protected":false},"excerpt":{"rendered":"<p>Penya Blaugrana del Rossell\u00f3 1042 Vols unir-te a la Penya, organitzar un despla\u00e7ament, proposar una col\u00b7laboraci\u00f3 o simplement fer una pregunta? Escriu-nos a trav\u00e9s del formulari o contacta&#8217;ns directament. Penya Blaugrana del Rossell\u00f3 \ud83d\udccd Seu oficial \u2013 Catalunya Nord Adre\u00e7a : 25 rue du Merlot, 66280 SaleillesTel\u00e8fon : +33 6 28 15 55 17Correu electr\u00f2nic [&hellip;]<\/p>\n","protected":false},"author":1,"featured_media":0,"parent":0,"menu_order":0,"comment_status":"closed","ping_status":"closed","template":"","meta":{"footnotes":""},"class_list":["post-1093","page","type-page","status-publish","hentry"],"yoast_head":"<!-- This site is optimized with the Yoast SEO plugin v27.2 - https:\/\/yoast.com\/product\/yoast-seo-wordpress\/ -->\n<title>Contacta amb nosaltres - Penya Blaugrana del Rossell\u00f3<\/title>\n<meta name=\"description\" content=\"Vols unir-te a la Penya, organitzar un despla\u00e7ament, proposar una col\u00b7laboraci\u00f3 o simplement fer una pregunta? Escriu-nos a trav\u00e9s del formulari o contacta&#039;ns directament.\" \/>\n<meta name=\"robots\" content=\"index, follow, max-snippet:-1, max-image-preview:large, max-video-preview:-1\" \/>\n<link rel=\"canonical\" href=\"http:\/\/penya-blaugrana-rossello.com\/ca\/contacta-amb-nosaltres\/\" \/>\n<meta property=\"og:locale\" content=\"ca_ES\" \/>\n<meta property=\"og:type\" content=\"article\" \/>\n<meta property=\"og:title\" content=\"Contactar la Penya Blaugrana del Rossell\u00f3\" \/>\n<meta property=\"og:description\" content=\"Vols unir-te a la Penya, organitzar un despla\u00e7ament, proposar una col\u00b7laboraci\u00f3 o simplement fer una pregunta? Escriu-nos a trav\u00e9s del formulari o contacta&#039;ns directament.\" \/>\n<meta property=\"og:url\" content=\"http:\/\/penya-blaugrana-rossello.com\/ca\/contacta-amb-nosaltres\/\" \/>\n<meta property=\"og:site_name\" content=\"Penya Blaugrana del Rossell\u00f3\" \/>\n<meta property=\"article:publisher\" content=\"https:\/\/www.facebook.com\/penya.blaugrana.rossello\/\" \/>\n<meta property=\"article:modified_time\" content=\"2026-03-07T12:02:42+00:00\" \/>\n<meta property=\"og:image\" content=\"http:\/\/penya-blaugrana-rossello.com\/wp-content\/uploads\/2026\/02\/EscutPenya_HEADER-e1770805682610-1024x987.png\" \/>\n<meta name=\"twitter:card\" content=\"summary_large_image\" \/>\n<script type=\"application\/ld+json\" class=\"yoast-schema-graph\">{\"@context\":\"https:\/\/schema.org\",\"@graph\":[{\"@type\":\"WebPage\",\"@id\":\"http:\/\/penya-blaugrana-rossello.com\/ca\/contacta-amb-nosaltres\/\",\"url\":\"http:\/\/penya-blaugrana-rossello.com\/ca\/contacta-amb-nosaltres\/\",\"name\":\"Contacta amb nosaltres - Penya Blaugrana del Rossell\u00f3\",\"isPartOf\":{\"@id\":\"http:\/\/penya-blaugrana-rossello.com\/ca\/#website\"},\"datePublished\":\"2026-02-12T16:21:54+00:00\",\"dateModified\":\"2026-03-07T12:02:42+00:00\",\"description\":\"Vols unir-te a la Penya, organitzar un despla\u00e7ament, proposar una col\u00b7laboraci\u00f3 o simplement fer una pregunta? Escriu-nos a trav\u00e9s del formulari o contacta'ns directament.\",\"breadcrumb\":{\"@id\":\"http:\/\/penya-blaugrana-rossello.com\/ca\/contacta-amb-nosaltres\/#breadcrumb\"},\"inLanguage\":\"ca\",\"potentialAction\":[{\"@type\":\"ReadAction\",\"target\":[\"http:\/\/penya-blaugrana-rossello.com\/ca\/contacta-amb-nosaltres\/\"]}]},{\"@type\":\"BreadcrumbList\",\"@id\":\"http:\/\/penya-blaugrana-rossello.com\/ca\/contacta-amb-nosaltres\/#breadcrumb\",\"itemListElement\":[{\"@type\":\"ListItem\",\"position\":1,\"name\":\"Accueil\",\"item\":\"http:\/\/penya-blaugrana-rossello.com\/ca\/\"},{\"@type\":\"ListItem\",\"position\":2,\"name\":\"Contacta amb nosaltres\"}]},{\"@type\":\"WebSite\",\"@id\":\"http:\/\/penya-blaugrana-rossello.com\/ca\/#website\",\"url\":\"http:\/\/penya-blaugrana-rossello.com\/ca\/\",\"name\":\"Penya Blaugrana del Rossell\u00f3\",\"description\":\"Penya Oficial del FC Barcelona (1042)\",\"publisher\":{\"@id\":\"http:\/\/penya-blaugrana-rossello.com\/ca\/#organization\"},\"potentialAction\":[{\"@type\":\"SearchAction\",\"target\":{\"@type\":\"EntryPoint\",\"urlTemplate\":\"http:\/\/penya-blaugrana-rossello.com\/ca\/?s={search_term_string}\"},\"query-input\":{\"@type\":\"PropertyValueSpecification\",\"valueRequired\":true,\"valueName\":\"search_term_string\"}}],\"inLanguage\":\"ca\"},{\"@type\":\"Organization\",\"@id\":\"http:\/\/penya-blaugrana-rossello.com\/ca\/#organization\",\"name\":\"Penya Blaugrana del Rossell\u00f3\",\"url\":\"http:\/\/penya-blaugrana-rossello.com\/ca\/\",\"logo\":{\"@type\":\"ImageObject\",\"inLanguage\":\"ca\",\"@id\":\"http:\/\/penya-blaugrana-rossello.com\/ca\/#\/schema\/logo\/image\/\",\"url\":\"http:\/\/penya-blaugrana-rossello.com\/wp-content\/uploads\/2026\/02\/EscutPenya_HEADER-e1770805682610.png\",\"contentUrl\":\"http:\/\/penya-blaugrana-rossello.com\/wp-content\/uploads\/2026\/02\/EscutPenya_HEADER-e1770805682610.png\",\"width\":1150,\"height\":1108,\"caption\":\"Penya Blaugrana del Rossell\u00f3\"},\"image\":{\"@id\":\"http:\/\/penya-blaugrana-rossello.com\/ca\/#\/schema\/logo\/image\/\"},\"sameAs\":[\"https:\/\/www.facebook.com\/penya.blaugrana.rossello\/\"]}]}<\/script>\n<!-- \/ Yoast SEO plugin. -->","yoast_head_json":{"title":"Contacta amb nosaltres - Penya Blaugrana del Rossell\u00f3","description":"Vols unir-te a la Penya, organitzar un despla\u00e7ament, proposar una col\u00b7laboraci\u00f3 o simplement fer una pregunta? Escriu-nos a trav\u00e9s del formulari o contacta'ns directament.","robots":{"index":"index","follow":"follow","max-snippet":"max-snippet:-1","max-image-preview":"max-image-preview:large","max-video-preview":"max-video-preview:-1"},"canonical":"http:\/\/penya-blaugrana-rossello.com\/ca\/contacta-amb-nosaltres\/","og_locale":"ca_ES","og_type":"article","og_title":"Contactar la Penya Blaugrana del Rossell\u00f3","og_description":"Vols unir-te a la Penya, organitzar un despla\u00e7ament, proposar una col\u00b7laboraci\u00f3 o simplement fer una pregunta? Escriu-nos a trav\u00e9s del formulari o contacta'ns directament.","og_url":"http:\/\/penya-blaugrana-rossello.com\/ca\/contacta-amb-nosaltres\/","og_site_name":"Penya Blaugrana del Rossell\u00f3","article_publisher":"https:\/\/www.facebook.com\/penya.blaugrana.rossello\/","article_modified_time":"2026-03-07T12:02:42+00:00","og_image":[{"url":"http:\/\/penya-blaugrana-rossello.com\/wp-content\/uploads\/2026\/02\/EscutPenya_HEADER-e1770805682610-1024x987.png","type":"","width":"","height":""}],"twitter_card":"summary_large_image","schema":{"@context":"https:\/\/schema.org","@graph":[{"@type":"WebPage","@id":"http:\/\/penya-blaugrana-rossello.com\/ca\/contacta-amb-nosaltres\/","url":"http:\/\/penya-blaugrana-rossello.com\/ca\/contacta-amb-nosaltres\/","name":"Contacta amb nosaltres - Penya Blaugrana del Rossell\u00f3","isPartOf":{"@id":"http:\/\/penya-blaugrana-rossello.com\/ca\/#website"},"datePublished":"2026-02-12T16:21:54+00:00","dateModified":"2026-03-07T12:02:42+00:00","description":"Vols unir-te a la Penya, organitzar un despla\u00e7ament, proposar una col\u00b7laboraci\u00f3 o simplement fer una pregunta? Escriu-nos a trav\u00e9s del formulari o contacta'ns directament.","breadcrumb":{"@id":"http:\/\/penya-blaugrana-rossello.com\/ca\/contacta-amb-nosaltres\/#breadcrumb"},"inLanguage":"ca","potentialAction":[{"@type":"ReadAction","target":["http:\/\/penya-blaugrana-rossello.com\/ca\/contacta-amb-nosaltres\/"]}]},{"@type":"BreadcrumbList","@id":"http:\/\/penya-blaugrana-rossello.com\/ca\/contacta-amb-nosaltres\/#breadcrumb","itemListElement":[{"@type":"ListItem","position":1,"name":"Accueil","item":"http:\/\/penya-blaugrana-rossello.com\/ca\/"},{"@type":"ListItem","position":2,"name":"Contacta amb nosaltres"}]},{"@type":"WebSite","@id":"http:\/\/penya-blaugrana-rossello.com\/ca\/#website","url":"http:\/\/penya-blaugrana-rossello.com\/ca\/","name":"Penya Blaugrana del Rossell\u00f3","description":"Penya Oficial del FC Barcelona (1042)","publisher":{"@id":"http:\/\/penya-blaugrana-rossello.com\/ca\/#organization"},"potentialAction":[{"@type":"SearchAction","target":{"@type":"EntryPoint","urlTemplate":"http:\/\/penya-blaugrana-rossello.com\/ca\/?s={search_term_string}"},"query-input":{"@type":"PropertyValueSpecification","valueRequired":true,"valueName":"search_term_string"}}],"inLanguage":"ca"},{"@type":"Organization","@id":"http:\/\/penya-blaugrana-rossello.com\/ca\/#organization","name":"Penya Blaugrana del Rossell\u00f3","url":"http:\/\/penya-blaugrana-rossello.com\/ca\/","logo":{"@type":"ImageObject","inLanguage":"ca","@id":"http:\/\/penya-blaugrana-rossello.com\/ca\/#\/schema\/logo\/image\/","url":"http:\/\/penya-blaugrana-rossello.com\/wp-content\/uploads\/2026\/02\/EscutPenya_HEADER-e1770805682610.png","contentUrl":"http:\/\/penya-blaugrana-rossello.com\/wp-content\/uploads\/2026\/02\/EscutPenya_HEADER-e1770805682610.png","width":1150,"height":1108,"caption":"Penya Blaugrana del Rossell\u00f3"},"image":{"@id":"http:\/\/penya-blaugrana-rossello.com\/ca\/#\/schema\/logo\/image\/"},"sameAs":["https:\/\/www.facebook.com\/penya.blaugrana.rossello\/"]}]}},"_links":{"self":[{"href":"http:\/\/penya-blaugrana-rossello.com\/ca\/wp-json\/wp\/v2\/pages\/1093","targetHints":{"allow":["GET"]}}],"collection":[{"href":"http:\/\/penya-blaugrana-rossello.com\/ca\/wp-json\/wp\/v2\/pages"}],"about":[{"href":"http:\/\/penya-blaugrana-rossello.com\/ca\/wp-json\/wp\/v2\/types\/page"}],"author":[{"embeddable":true,"href":"http:\/\/penya-blaugrana-rossello.com\/ca\/wp-json\/wp\/v2\/users\/1"}],"replies":[{"embeddable":true,"href":"http:\/\/penya-blaugrana-rossello.com\/ca\/wp-json\/wp\/v2\/comments?post=1093"}],"version-history":[{"count":4,"href":"http:\/\/penya-blaugrana-rossello.com\/ca\/wp-json\/wp\/v2\/pages\/1093\/revisions"}],"predecessor-version":[{"id":1511,"href":"http:\/\/penya-blaugrana-rossello.com\/ca\/wp-json\/wp\/v2\/pages\/1093\/revisions\/1511"}],"wp:attachment":[{"href":"http:\/\/penya-blaugrana-rossello.com\/ca\/wp-json\/wp\/v2\/media?parent=1093"}],"curies":[{"name":"wp","href":"https:\/\/api.w.org\/{rel}","templated":true}]}}