{"id":1083,"date":"2026-02-25T12:12:43","date_gmt":"2026-02-25T11:12:43","guid":{"rendered":"https:\/\/penya-blaugrana-rossello.com\/fes-te-penyista\/"},"modified":"2026-03-08T15:15:15","modified_gmt":"2026-03-08T14:15:15","slug":"fes-te-penyista","status":"publish","type":"page","link":"http:\/\/penya-blaugrana-rossello.com\/ca\/fes-te-penyista\/","title":{"rendered":"Fes-te penyista"},"content":{"rendered":"\t\t<div data-elementor-type=\"wp-page\" data-elementor-id=\"1083\" class=\"elementor elementor-1083 elementor-793\" data-elementor-post-type=\"page\">\n\t\t\t\t<div class=\"elementor-element elementor-element-236d13c7 e-con-full e-flex e-con e-parent\" data-id=\"236d13c7\" data-element_type=\"container\" data-e-type=\"container\">\n\t\t<div class=\"elementor-element elementor-element-cce639f e-con-full e-flex e-con e-child\" data-id=\"cce639f\" data-element_type=\"container\" data-e-type=\"container\">\n\t\t<div class=\"elementor-element elementor-element-1c00a745 e-flex e-con-boxed e-con e-child\" data-id=\"1c00a745\" data-element_type=\"container\" data-e-type=\"container\">\n\t\t\t\t\t<div class=\"e-con-inner\">\n\t\t\t\t<div class=\"elementor-element elementor-element-73651071 elementor-widget elementor-widget-heading\" data-id=\"73651071\" data-element_type=\"widget\" data-e-type=\"widget\" data-widget_type=\"heading.default\">\n\t\t\t\t\t<h2 class=\"elementor-heading-title elementor-size-default\">Penya Blaugrana del Rossell\u00f3<\/h2>\t\t\t\t<\/div>\n\t\t\t\t<div class=\"elementor-element elementor-element-24205412 elementor-widget elementor-widget-heading\" data-id=\"24205412\" data-element_type=\"widget\" data-e-type=\"widget\" data-widget_type=\"heading.default\">\n\t\t\t\t\t<h2 class=\"elementor-heading-title elementor-size-default\">1042<\/h2>\t\t\t\t<\/div>\n\t\t<div class=\"elementor-element elementor-element-132abef e-flex e-con-boxed e-con e-child\" data-id=\"132abef\" data-element_type=\"container\" data-e-type=\"container\">\n\t\t\t\t\t<div class=\"e-con-inner\">\n\t\t\t\t<div class=\"elementor-element elementor-element-4648bc2 elementor-widget elementor-widget-text-editor\" data-id=\"4648bc2\" data-element_type=\"widget\" data-e-type=\"widget\" data-widget_type=\"text-editor.default\">\n\t\t\t\t\t\t\t\t\t<p>En fer-te penyista, se&#8217;t reconeix oficialment a la xarxa mundial de Penyes del FC Barcelona. Reforces la visibilitat de la Catalunya Nord i participes en el desenvolupament dels nostres projectes. <\/p>\t\t\t\t\t\t\t\t<\/div>\n\t\t\t\t\t<\/div>\n\t\t\t\t<\/div>\n\t\t<div class=\"elementor-element elementor-element-cfcbe51 e-flex e-con-boxed e-con e-child\" data-id=\"cfcbe51\" data-element_type=\"container\" data-e-type=\"container\" data-settings=\"{&quot;background_background&quot;:&quot;classic&quot;}\">\n\t\t\t\t\t<div class=\"e-con-inner\">\n\t\t<div class=\"elementor-element elementor-element-581692f e-con-full e-flex e-con e-child\" data-id=\"581692f\" data-element_type=\"container\" data-e-type=\"container\">\n\t\t\t\t<div class=\"elementor-element elementor-element-257a9bd elementor-widget elementor-widget-heading\" data-id=\"257a9bd\" data-element_type=\"widget\" data-e-type=\"widget\" data-widget_type=\"heading.default\">\n\t\t\t\t\t<h2 class=\"elementor-heading-title elementor-size-default\">Etapa 1: Accedir al portal<\/h2>\t\t\t\t<\/div>\n\t\t\t\t<div class=\"elementor-element elementor-element-d08cc20 elementor-widget elementor-widget-text-editor\" data-id=\"d08cc20\" data-element_type=\"widget\" data-e-type=\"widget\" data-widget_type=\"text-editor.default\">\n\t\t\t\t\t\t\t\t\t<p data-start=\"1206\" data-end=\"1251\"><img decoding=\"async\" class=\"alignnone size-medium wp-image-796\" src=\"http:\/\/penya-blaugrana-rossello.com\/wp-content\/uploads\/2026\/02\/Capture-decran-2026-02-25-a-12.02.23-300x142.png\" alt=\"\" width=\"300\" height=\"142\" srcset=\"http:\/\/penya-blaugrana-rossello.com\/wp-content\/uploads\/2026\/02\/Capture-decran-2026-02-25-a-12.02.23-300x142.png 300w, http:\/\/penya-blaugrana-rossello.com\/wp-content\/uploads\/2026\/02\/Capture-decran-2026-02-25-a-12.02.23-1024x486.png 1024w, http:\/\/penya-blaugrana-rossello.com\/wp-content\/uploads\/2026\/02\/Capture-decran-2026-02-25-a-12.02.23-768x365.png 768w, http:\/\/penya-blaugrana-rossello.com\/wp-content\/uploads\/2026\/02\/Capture-decran-2026-02-25-a-12.02.23-1536x729.png 1536w, http:\/\/penya-blaugrana-rossello.com\/wp-content\/uploads\/2026\/02\/Capture-decran-2026-02-25-a-12.02.23-2048x972.png 2048w\" sizes=\"(max-width: 300px) 100vw, 300px\" \/><\/p><p data-start=\"1206\" data-end=\"1251\">Accedeix al lloc web oficial de les Penyes:<\/p><p data-start=\"1253\" data-end=\"1290\">\ud83d\udc49 <a class=\"decorated-link\" href=\"https:\/\/penyes.fcbarcelona.com\/ca\/\" target=\"_new\" rel=\"noopener\" data-start=\"1256\" data-end=\"1290\">https:\/\/penyes.fcbarcelona.com\/ca\/<\/a><\/p><p data-start=\"1292\" data-end=\"1305\">Fes clic a:<\/p><p data-start=\"1307\" data-end=\"1368\"><strong data-start=\"1307\" data-end=\"1334\">Identificaci\u00f3 Penyista<\/strong><br data-start=\"1334\" data-end=\"1337\">I : <strong data-start=\"1348\" data-end=\"1368\">Portal de Penya<\/strong><\/p>\t\t\t\t\t\t\t\t<\/div>\n\t\t\t\t<\/div>\n\t\t<div class=\"elementor-element elementor-element-5950c26 e-con-full e-flex e-con e-child\" data-id=\"5950c26\" data-element_type=\"container\" data-e-type=\"container\">\n\t\t\t\t<div class=\"elementor-element elementor-element-3050df3 elementor-widget elementor-widget-heading\" data-id=\"3050df3\" data-element_type=\"widget\" data-e-type=\"widget\" data-widget_type=\"heading.default\">\n\t\t\t\t\t<h2 class=\"elementor-heading-title elementor-size-default\">Etapa 2: Crear un compte<\/h2>\t\t\t\t<\/div>\n\t\t\t\t<div class=\"elementor-element elementor-element-89163a8 elementor-widget elementor-widget-text-editor\" data-id=\"89163a8\" data-element_type=\"widget\" data-e-type=\"widget\" data-widget_type=\"text-editor.default\">\n\t\t\t\t\t\t\t\t\t<p data-start=\"1206\" data-end=\"1251\"><img decoding=\"async\" class=\"alignnone wp-image-797 size-medium\" src=\"http:\/\/penya-blaugrana-rossello.com\/wp-content\/uploads\/2026\/02\/Capture-decran-2026-02-25-a-12.02.50-300x154.png\" alt=\"\" width=\"300\" height=\"154\" srcset=\"http:\/\/penya-blaugrana-rossello.com\/wp-content\/uploads\/2026\/02\/Capture-decran-2026-02-25-a-12.02.50-300x154.png 300w, http:\/\/penya-blaugrana-rossello.com\/wp-content\/uploads\/2026\/02\/Capture-decran-2026-02-25-a-12.02.50-1024x524.png 1024w, http:\/\/penya-blaugrana-rossello.com\/wp-content\/uploads\/2026\/02\/Capture-decran-2026-02-25-a-12.02.50-768x393.png 768w, http:\/\/penya-blaugrana-rossello.com\/wp-content\/uploads\/2026\/02\/Capture-decran-2026-02-25-a-12.02.50-1536x786.png 1536w, http:\/\/penya-blaugrana-rossello.com\/wp-content\/uploads\/2026\/02\/Capture-decran-2026-02-25-a-12.02.50-2048x1049.png 2048w\" sizes=\"(max-width: 300px) 100vw, 300px\" \/><\/p><ul data-start=\"1408\" data-end=\"1569\"><li data-start=\"1437\" data-end=\"1472\"><p data-start=\"1439\" data-end=\"1472\">Introdueix la teva <strong data-start=\"1456\" data-end=\"1472\">adre\u00e7a de correu electr\u00f2nic<\/strong><\/p><\/li><li data-start=\"1473\" data-end=\"1514\"><p data-start=\"1475\" data-end=\"1514\">Completa les teves dades personals<\/p><\/li><li data-start=\"1515\" data-end=\"1569\"><p data-start=\"1517\" data-end=\"1569\">N\u00famero de <strong data-start=\"1532\" data-end=\"1555\">document d&#8217;identitat<\/strong> (obligatori)<\/p><\/li><\/ul><p data-start=\"1571\" data-end=\"1630\">Un cop validada aquesta informaci\u00f3, el teu compte ser\u00e0 creat.<\/p>\t\t\t\t\t\t\t\t<\/div>\n\t\t\t\t<\/div>\n\t\t\t\t\t<\/div>\n\t\t\t\t<\/div>\n\t\t<div class=\"elementor-element elementor-element-d3dd193 e-flex e-con-boxed e-con e-child\" data-id=\"d3dd193\" data-element_type=\"container\" data-e-type=\"container\" data-settings=\"{&quot;background_background&quot;:&quot;classic&quot;}\">\n\t\t\t\t\t<div class=\"e-con-inner\">\n\t\t<div class=\"elementor-element elementor-element-a50d4b5 e-con-full e-flex e-con e-child\" data-id=\"a50d4b5\" data-element_type=\"container\" data-e-type=\"container\">\n\t\t\t\t<div class=\"elementor-element elementor-element-10a10f0 elementor-widget elementor-widget-heading\" data-id=\"10a10f0\" data-element_type=\"widget\" data-e-type=\"widget\" data-widget_type=\"heading.default\">\n\t\t\t\t\t<h2 class=\"elementor-heading-title elementor-size-default\">Etapa 3: Afegir la teva Penya<\/h2>\t\t\t\t<\/div>\n\t\t\t\t<div class=\"elementor-element elementor-element-a89fefe elementor-widget elementor-widget-text-editor\" data-id=\"a89fefe\" data-element_type=\"widget\" data-e-type=\"widget\" data-widget_type=\"text-editor.default\">\n\t\t\t\t\t\t\t\t\t<p data-start=\"1206\" data-end=\"1251\"><img decoding=\"async\" class=\"alignnone wp-image-839 size-medium\" src=\"http:\/\/penya-blaugrana-rossello.com\/wp-content\/uploads\/2026\/02\/Capture-decran-2026-02-25-a-15.18.31-300x152.png\" alt=\"\" width=\"300\" height=\"152\" srcset=\"http:\/\/penya-blaugrana-rossello.com\/wp-content\/uploads\/2026\/02\/Capture-decran-2026-02-25-a-15.18.31-300x152.png 300w, http:\/\/penya-blaugrana-rossello.com\/wp-content\/uploads\/2026\/02\/Capture-decran-2026-02-25-a-15.18.31-1024x517.png 1024w, http:\/\/penya-blaugrana-rossello.com\/wp-content\/uploads\/2026\/02\/Capture-decran-2026-02-25-a-15.18.31-768x388.png 768w, http:\/\/penya-blaugrana-rossello.com\/wp-content\/uploads\/2026\/02\/Capture-decran-2026-02-25-a-15.18.31-1536x776.png 1536w, http:\/\/penya-blaugrana-rossello.com\/wp-content\/uploads\/2026\/02\/Capture-decran-2026-02-25-a-15.18.31-2048x1035.png 2048w\" sizes=\"(max-width: 300px) 100vw, 300px\" \/><\/p><p data-start=\"1674\" data-end=\"1693\">Un cop connectat:<\/p><ol data-start=\"1695\" data-end=\"1825\"><li data-start=\"1695\" data-end=\"1731\"><p data-start=\"1698\" data-end=\"1731\">Fes clic a <strong data-start=\"1710\" data-end=\"1731\">Afegir una Penya<\/strong><\/p><\/li><li data-start=\"1732\" data-end=\"1806\"><p data-start=\"1735\" data-end=\"1769\">Cerca la nostra Penya escrivint:<\/p><ul data-start=\"1774\" data-end=\"1806\"><li style=\"list-style-type: none;\"><ul data-start=\"1774\" data-end=\"1806\"><li data-start=\"1774\" data-end=\"1794\"><p data-start=\"1776\" data-end=\"1794\">Rossell\u00f3<\/p><\/li><\/ul><\/li><\/ul><p data-start=\"1776\" data-end=\"1794\">o<\/p><ul data-start=\"1774\" data-end=\"1806\"><li style=\"list-style-type: none;\" data-start=\"1798\" data-end=\"1806\"><ul><li>1042<\/li><\/ul><\/li><\/ul><\/li><li data-start=\"1808\" data-end=\"1825\"><p data-start=\"1811\" data-end=\"1825\">Selecciona:<\/p><\/li><\/ol><p style=\"padding-left: 40px;\" data-start=\"1827\" data-end=\"1859\"><strong data-start=\"1827\" data-end=\"1859\">Penya Blaugrana del Rossell\u00f3<\/strong><\/p><ol start=\"4\" data-start=\"1861\" data-end=\"1893\"><li data-start=\"1861\" data-end=\"1893\"><p data-start=\"1864\" data-end=\"1893\">Envia la sol\u00b7licitud d&#8217;adhesi\u00f3<\/p><\/li><\/ol>\t\t\t\t\t\t\t\t<\/div>\n\t\t\t\t<\/div>\n\t\t<div class=\"elementor-element elementor-element-8f53af3 e-con-full e-flex e-con e-child\" data-id=\"8f53af3\" data-element_type=\"container\" data-e-type=\"container\">\n\t\t\t\t<div class=\"elementor-element elementor-element-0d39055 elementor-widget elementor-widget-heading\" data-id=\"0d39055\" data-element_type=\"widget\" data-e-type=\"widget\" data-widget_type=\"heading.default\">\n\t\t\t\t\t<h2 class=\"elementor-heading-title elementor-size-default\">Etapa 4: Validaci\u00f3<\/h2>\t\t\t\t<\/div>\n\t\t\t\t<div class=\"elementor-element elementor-element-d31817d elementor-widget elementor-widget-text-editor\" data-id=\"d31817d\" data-element_type=\"widget\" data-e-type=\"widget\" data-widget_type=\"text-editor.default\">\n\t\t\t\t\t\t\t\t\t<p data-start=\"1928\" data-end=\"1981\"><img loading=\"lazy\" decoding=\"async\" class=\"alignnone size-medium wp-image-798\" src=\"http:\/\/penya-blaugrana-rossello.com\/wp-content\/uploads\/2026\/02\/1920x1080_IMATGE-WEB-CARNET-PENYISTA-300x188.webp\" alt=\"\" width=\"300\" height=\"188\" srcset=\"http:\/\/penya-blaugrana-rossello.com\/wp-content\/uploads\/2026\/02\/1920x1080_IMATGE-WEB-CARNET-PENYISTA-300x188.webp 300w, http:\/\/penya-blaugrana-rossello.com\/wp-content\/uploads\/2026\/02\/1920x1080_IMATGE-WEB-CARNET-PENYISTA-1024x640.webp 1024w, http:\/\/penya-blaugrana-rossello.com\/wp-content\/uploads\/2026\/02\/1920x1080_IMATGE-WEB-CARNET-PENYISTA-768x480.webp 768w, http:\/\/penya-blaugrana-rossello.com\/wp-content\/uploads\/2026\/02\/1920x1080_IMATGE-WEB-CARNET-PENYISTA.webp 1200w\" sizes=\"(max-width: 300px) 100vw, 300px\" \/> <\/p><p data-start=\"1928\" data-end=\"1981\">Un administrador de la Penya validar\u00e0 la teva sol\u00b7licitud.<\/p><p data-start=\"1983\" data-end=\"2061\">Aleshores ser\u00e0s oficialment penyista de la Penya Blaugrana del Rossell\u00f3 i rebr\u00e0s una targeta oficial del FC Barcelona amb tots els seus avantatges.<\/p>\t\t\t\t\t\t\t\t<\/div>\n\t\t\t\t<\/div>\n\t\t\t\t\t<\/div>\n\t\t\t\t<\/div>\n\t\t\t\t\t<\/div>\n\t\t\t\t<\/div>\n\t\t\t\t<\/div>\n\t\t\t\t<\/div>\n\t\t\t\t<\/div>\n\t\t","protected":false},"excerpt":{"rendered":"<p>Penya Blaugrana del Rossell\u00f3 1042 En fer-te penyista, se&#8217;t reconeix oficialment a la xarxa mundial de Penyes del FC Barcelona. Reforces la visibilitat de la Catalunya Nord i participes en el desenvolupament dels nostres projectes. Etapa 1: Accedir al portal Accedeix al lloc web oficial de les Penyes: \ud83d\udc49 https:\/\/penyes.fcbarcelona.com\/ca\/ Fes clic a: Identificaci\u00f3 PenyistaI [&hellip;]<\/p>\n","protected":false},"author":1,"featured_media":0,"parent":0,"menu_order":0,"comment_status":"closed","ping_status":"closed","template":"","meta":{"footnotes":""},"class_list":["post-1083","page","type-page","status-publish","hentry"],"yoast_head":"<!-- This site is optimized with the Yoast SEO plugin v27.2 - https:\/\/yoast.com\/product\/yoast-seo-wordpress\/ -->\n<title>Fes-te penyista - Penya Blaugrana del Rossell\u00f3<\/title>\n<meta name=\"description\" content=\"En fer-te penyista, se&#039;t reconeix oficialment a la xarxa mundial de Penyes del FC Barcelona. Reforces la visibilitat de la Catalunya Nord i participes en el desenvolupament dels nostres projectes.\" \/>\n<meta name=\"robots\" content=\"index, follow, max-snippet:-1, max-image-preview:large, max-video-preview:-1\" \/>\n<link rel=\"canonical\" href=\"http:\/\/penya-blaugrana-rossello.com\/ca\/fes-te-penyista\/\" \/>\n<meta property=\"og:locale\" content=\"ca_ES\" \/>\n<meta property=\"og:type\" content=\"article\" \/>\n<meta property=\"og:title\" content=\"Fes-te penyista de la Penya Blaugrana del Rossell\u00f3\" \/>\n<meta property=\"og:description\" content=\"En fer-te penyista, se&#039;t reconeix oficialment a la xarxa mundial de Penyes del FC Barcelona. Reforces la visibilitat de la Catalunya Nord i participes en el desenvolupament dels nostres projectes.\" \/>\n<meta property=\"og:url\" content=\"http:\/\/penya-blaugrana-rossello.com\/ca\/fes-te-penyista\/\" \/>\n<meta property=\"og:site_name\" content=\"Penya Blaugrana del Rossell\u00f3\" \/>\n<meta property=\"article:publisher\" content=\"https:\/\/www.facebook.com\/penya.blaugrana.rossello\/\" \/>\n<meta property=\"article:modified_time\" content=\"2026-03-08T14:15:15+00:00\" \/>\n<meta property=\"og:image\" content=\"http:\/\/penya-blaugrana-rossello.com\/wp-content\/uploads\/2026\/02\/1920x1080_IMATGE-WEB-CARNET-PENYISTA-1024x640.webp\" \/>\n<meta name=\"twitter:card\" content=\"summary_large_image\" \/>\n<meta name=\"twitter:label1\" content=\"Temps estimat de lectura\" \/>\n\t<meta name=\"twitter:data1\" content=\"1 minut\" \/>\n<script type=\"application\/ld+json\" class=\"yoast-schema-graph\">{\"@context\":\"https:\/\/schema.org\",\"@graph\":[{\"@type\":\"WebPage\",\"@id\":\"http:\/\/penya-blaugrana-rossello.com\/ca\/fes-te-penyista\/\",\"url\":\"http:\/\/penya-blaugrana-rossello.com\/ca\/fes-te-penyista\/\",\"name\":\"Fes-te penyista - Penya Blaugrana del Rossell\u00f3\",\"isPartOf\":{\"@id\":\"http:\/\/penya-blaugrana-rossello.com\/ca\/#website\"},\"primaryImageOfPage\":{\"@id\":\"http:\/\/penya-blaugrana-rossello.com\/ca\/fes-te-penyista\/#primaryimage\"},\"image\":{\"@id\":\"http:\/\/penya-blaugrana-rossello.com\/ca\/fes-te-penyista\/#primaryimage\"},\"thumbnailUrl\":\"http:\/\/penya-blaugrana-rossello.com\/wp-content\/uploads\/2026\/02\/Capture-decran-2026-02-25-a-12.02.23-300x142.png\",\"datePublished\":\"2026-02-25T11:12:43+00:00\",\"dateModified\":\"2026-03-08T14:15:15+00:00\",\"description\":\"En fer-te penyista, se't reconeix oficialment a la xarxa mundial de Penyes del FC Barcelona. Reforces la visibilitat de la Catalunya Nord i participes en el desenvolupament dels nostres projectes.\",\"breadcrumb\":{\"@id\":\"http:\/\/penya-blaugrana-rossello.com\/ca\/fes-te-penyista\/#breadcrumb\"},\"inLanguage\":\"ca\",\"potentialAction\":[{\"@type\":\"ReadAction\",\"target\":[\"http:\/\/penya-blaugrana-rossello.com\/ca\/fes-te-penyista\/\"]}]},{\"@type\":\"ImageObject\",\"inLanguage\":\"ca\",\"@id\":\"http:\/\/penya-blaugrana-rossello.com\/ca\/fes-te-penyista\/#primaryimage\",\"url\":\"http:\/\/penya-blaugrana-rossello.com\/wp-content\/uploads\/2026\/02\/Capture-decran-2026-02-25-a-12.02.23-300x142.png\",\"contentUrl\":\"http:\/\/penya-blaugrana-rossello.com\/wp-content\/uploads\/2026\/02\/Capture-decran-2026-02-25-a-12.02.23-300x142.png\"},{\"@type\":\"BreadcrumbList\",\"@id\":\"http:\/\/penya-blaugrana-rossello.com\/ca\/fes-te-penyista\/#breadcrumb\",\"itemListElement\":[{\"@type\":\"ListItem\",\"position\":1,\"name\":\"Accueil\",\"item\":\"http:\/\/penya-blaugrana-rossello.com\/ca\/\"},{\"@type\":\"ListItem\",\"position\":2,\"name\":\"Fes-te penyista\"}]},{\"@type\":\"WebSite\",\"@id\":\"http:\/\/penya-blaugrana-rossello.com\/ca\/#website\",\"url\":\"http:\/\/penya-blaugrana-rossello.com\/ca\/\",\"name\":\"Penya Blaugrana del Rossell\u00f3\",\"description\":\"Penya Oficial del FC Barcelona (1042)\",\"publisher\":{\"@id\":\"http:\/\/penya-blaugrana-rossello.com\/ca\/#organization\"},\"potentialAction\":[{\"@type\":\"SearchAction\",\"target\":{\"@type\":\"EntryPoint\",\"urlTemplate\":\"http:\/\/penya-blaugrana-rossello.com\/ca\/?s={search_term_string}\"},\"query-input\":{\"@type\":\"PropertyValueSpecification\",\"valueRequired\":true,\"valueName\":\"search_term_string\"}}],\"inLanguage\":\"ca\"},{\"@type\":\"Organization\",\"@id\":\"http:\/\/penya-blaugrana-rossello.com\/ca\/#organization\",\"name\":\"Penya Blaugrana del Rossell\u00f3\",\"url\":\"http:\/\/penya-blaugrana-rossello.com\/ca\/\",\"logo\":{\"@type\":\"ImageObject\",\"inLanguage\":\"ca\",\"@id\":\"http:\/\/penya-blaugrana-rossello.com\/ca\/#\/schema\/logo\/image\/\",\"url\":\"http:\/\/penya-blaugrana-rossello.com\/wp-content\/uploads\/2026\/02\/EscutPenya_HEADER-e1770805682610.png\",\"contentUrl\":\"http:\/\/penya-blaugrana-rossello.com\/wp-content\/uploads\/2026\/02\/EscutPenya_HEADER-e1770805682610.png\",\"width\":1150,\"height\":1108,\"caption\":\"Penya Blaugrana del Rossell\u00f3\"},\"image\":{\"@id\":\"http:\/\/penya-blaugrana-rossello.com\/ca\/#\/schema\/logo\/image\/\"},\"sameAs\":[\"https:\/\/www.facebook.com\/penya.blaugrana.rossello\/\"]}]}<\/script>\n<!-- \/ Yoast SEO plugin. -->","yoast_head_json":{"title":"Fes-te penyista - Penya Blaugrana del Rossell\u00f3","description":"En fer-te penyista, se't reconeix oficialment a la xarxa mundial de Penyes del FC Barcelona. Reforces la visibilitat de la Catalunya Nord i participes en el desenvolupament dels nostres projectes.","robots":{"index":"index","follow":"follow","max-snippet":"max-snippet:-1","max-image-preview":"max-image-preview:large","max-video-preview":"max-video-preview:-1"},"canonical":"http:\/\/penya-blaugrana-rossello.com\/ca\/fes-te-penyista\/","og_locale":"ca_ES","og_type":"article","og_title":"Fes-te penyista de la Penya Blaugrana del Rossell\u00f3","og_description":"En fer-te penyista, se't reconeix oficialment a la xarxa mundial de Penyes del FC Barcelona. Reforces la visibilitat de la Catalunya Nord i participes en el desenvolupament dels nostres projectes.","og_url":"http:\/\/penya-blaugrana-rossello.com\/ca\/fes-te-penyista\/","og_site_name":"Penya Blaugrana del Rossell\u00f3","article_publisher":"https:\/\/www.facebook.com\/penya.blaugrana.rossello\/","article_modified_time":"2026-03-08T14:15:15+00:00","og_image":[{"url":"http:\/\/penya-blaugrana-rossello.com\/wp-content\/uploads\/2026\/02\/1920x1080_IMATGE-WEB-CARNET-PENYISTA-1024x640.webp","type":"","width":"","height":""}],"twitter_card":"summary_large_image","twitter_misc":{"Temps estimat de lectura":"1 minut"},"schema":{"@context":"https:\/\/schema.org","@graph":[{"@type":"WebPage","@id":"http:\/\/penya-blaugrana-rossello.com\/ca\/fes-te-penyista\/","url":"http:\/\/penya-blaugrana-rossello.com\/ca\/fes-te-penyista\/","name":"Fes-te penyista - Penya Blaugrana del Rossell\u00f3","isPartOf":{"@id":"http:\/\/penya-blaugrana-rossello.com\/ca\/#website"},"primaryImageOfPage":{"@id":"http:\/\/penya-blaugrana-rossello.com\/ca\/fes-te-penyista\/#primaryimage"},"image":{"@id":"http:\/\/penya-blaugrana-rossello.com\/ca\/fes-te-penyista\/#primaryimage"},"thumbnailUrl":"http:\/\/penya-blaugrana-rossello.com\/wp-content\/uploads\/2026\/02\/Capture-decran-2026-02-25-a-12.02.23-300x142.png","datePublished":"2026-02-25T11:12:43+00:00","dateModified":"2026-03-08T14:15:15+00:00","description":"En fer-te penyista, se't reconeix oficialment a la xarxa mundial de Penyes del FC Barcelona. Reforces la visibilitat de la Catalunya Nord i participes en el desenvolupament dels nostres projectes.","breadcrumb":{"@id":"http:\/\/penya-blaugrana-rossello.com\/ca\/fes-te-penyista\/#breadcrumb"},"inLanguage":"ca","potentialAction":[{"@type":"ReadAction","target":["http:\/\/penya-blaugrana-rossello.com\/ca\/fes-te-penyista\/"]}]},{"@type":"ImageObject","inLanguage":"ca","@id":"http:\/\/penya-blaugrana-rossello.com\/ca\/fes-te-penyista\/#primaryimage","url":"http:\/\/penya-blaugrana-rossello.com\/wp-content\/uploads\/2026\/02\/Capture-decran-2026-02-25-a-12.02.23-300x142.png","contentUrl":"http:\/\/penya-blaugrana-rossello.com\/wp-content\/uploads\/2026\/02\/Capture-decran-2026-02-25-a-12.02.23-300x142.png"},{"@type":"BreadcrumbList","@id":"http:\/\/penya-blaugrana-rossello.com\/ca\/fes-te-penyista\/#breadcrumb","itemListElement":[{"@type":"ListItem","position":1,"name":"Accueil","item":"http:\/\/penya-blaugrana-rossello.com\/ca\/"},{"@type":"ListItem","position":2,"name":"Fes-te penyista"}]},{"@type":"WebSite","@id":"http:\/\/penya-blaugrana-rossello.com\/ca\/#website","url":"http:\/\/penya-blaugrana-rossello.com\/ca\/","name":"Penya Blaugrana del Rossell\u00f3","description":"Penya Oficial del FC Barcelona (1042)","publisher":{"@id":"http:\/\/penya-blaugrana-rossello.com\/ca\/#organization"},"potentialAction":[{"@type":"SearchAction","target":{"@type":"EntryPoint","urlTemplate":"http:\/\/penya-blaugrana-rossello.com\/ca\/?s={search_term_string}"},"query-input":{"@type":"PropertyValueSpecification","valueRequired":true,"valueName":"search_term_string"}}],"inLanguage":"ca"},{"@type":"Organization","@id":"http:\/\/penya-blaugrana-rossello.com\/ca\/#organization","name":"Penya Blaugrana del Rossell\u00f3","url":"http:\/\/penya-blaugrana-rossello.com\/ca\/","logo":{"@type":"ImageObject","inLanguage":"ca","@id":"http:\/\/penya-blaugrana-rossello.com\/ca\/#\/schema\/logo\/image\/","url":"http:\/\/penya-blaugrana-rossello.com\/wp-content\/uploads\/2026\/02\/EscutPenya_HEADER-e1770805682610.png","contentUrl":"http:\/\/penya-blaugrana-rossello.com\/wp-content\/uploads\/2026\/02\/EscutPenya_HEADER-e1770805682610.png","width":1150,"height":1108,"caption":"Penya Blaugrana del Rossell\u00f3"},"image":{"@id":"http:\/\/penya-blaugrana-rossello.com\/ca\/#\/schema\/logo\/image\/"},"sameAs":["https:\/\/www.facebook.com\/penya.blaugrana.rossello\/"]}]}},"_links":{"self":[{"href":"http:\/\/penya-blaugrana-rossello.com\/ca\/wp-json\/wp\/v2\/pages\/1083","targetHints":{"allow":["GET"]}}],"collection":[{"href":"http:\/\/penya-blaugrana-rossello.com\/ca\/wp-json\/wp\/v2\/pages"}],"about":[{"href":"http:\/\/penya-blaugrana-rossello.com\/ca\/wp-json\/wp\/v2\/types\/page"}],"author":[{"embeddable":true,"href":"http:\/\/penya-blaugrana-rossello.com\/ca\/wp-json\/wp\/v2\/users\/1"}],"replies":[{"embeddable":true,"href":"http:\/\/penya-blaugrana-rossello.com\/ca\/wp-json\/wp\/v2\/comments?post=1083"}],"version-history":[{"count":9,"href":"http:\/\/penya-blaugrana-rossello.com\/ca\/wp-json\/wp\/v2\/pages\/1083\/revisions"}],"predecessor-version":[{"id":1556,"href":"http:\/\/penya-blaugrana-rossello.com\/ca\/wp-json\/wp\/v2\/pages\/1083\/revisions\/1556"}],"wp:attachment":[{"href":"http:\/\/penya-blaugrana-rossello.com\/ca\/wp-json\/wp\/v2\/media?parent=1083"}],"curies":[{"name":"wp","href":"https:\/\/api.w.org\/{rel}","templated":true}]}}