{"id":1076,"date":"2026-02-12T08:45:03","date_gmt":"2026-02-12T07:45:03","guid":{"rendered":"https:\/\/penya-blaugrana-rossello.com\/la-nostra-historia\/"},"modified":"2026-03-07T13:02:46","modified_gmt":"2026-03-07T12:02:46","slug":"la-nostra-historia","status":"publish","type":"page","link":"http:\/\/penya-blaugrana-rossello.com\/ca\/la-nostra-historia\/","title":{"rendered":"La nostra hist\u00f2ria"},"content":{"rendered":"\t\t<div data-elementor-type=\"wp-page\" data-elementor-id=\"1076\" class=\"elementor elementor-1076 elementor-514\" data-elementor-post-type=\"page\">\n\t\t\t\t<div class=\"elementor-element elementor-element-4580301 e-flex e-con-boxed e-con e-parent\" data-id=\"4580301\" data-element_type=\"container\" data-e-type=\"container\">\n\t\t\t\t\t<div class=\"e-con-inner\">\n\t\t<div class=\"elementor-element elementor-element-42d82d9 e-flex e-con-boxed e-con e-child\" data-id=\"42d82d9\" data-element_type=\"container\" data-e-type=\"container\">\n\t\t\t\t\t<div class=\"e-con-inner\">\n\t\t<div class=\"elementor-element elementor-element-d406d3a e-con-full e-flex e-con e-child\" data-id=\"d406d3a\" data-element_type=\"container\" data-e-type=\"container\" data-settings=\"{&quot;background_background&quot;:&quot;classic&quot;}\">\n\t\t\t\t<div class=\"elementor-element elementor-element-9936450 elementor-widget elementor-widget-heading\" data-id=\"9936450\" data-element_type=\"widget\" data-e-type=\"widget\" data-widget_type=\"heading.default\">\n\t\t\t\t\t<h2 class=\"elementor-heading-title elementor-size-default\">Penya Blaugrana del Rossell\u00f3<\/h2>\t\t\t\t<\/div>\n\t\t\t\t<div class=\"elementor-element elementor-element-7d83d66 elementor-widget elementor-widget-heading\" data-id=\"7d83d66\" data-element_type=\"widget\" data-e-type=\"widget\" data-widget_type=\"heading.default\">\n\t\t\t\t\t<h2 class=\"elementor-heading-title elementor-size-default\">1042<\/h2>\t\t\t\t<\/div>\n\t\t<div class=\"elementor-element elementor-element-0f2b59a e-flex e-con-boxed e-con e-child\" data-id=\"0f2b59a\" data-element_type=\"container\" data-e-type=\"container\" data-settings=\"{&quot;background_background&quot;:&quot;classic&quot;}\">\n\t\t\t\t\t<div class=\"e-con-inner\">\n\t\t<div class=\"elementor-element elementor-element-6b1a705 e-con-full e-flex e-con e-child\" data-id=\"6b1a705\" data-element_type=\"container\" data-e-type=\"container\">\n\t\t\t\t<div class=\"elementor-element elementor-element-d09e72f badge-annee elementor-widget elementor-widget-heading\" data-id=\"d09e72f\" data-element_type=\"widget\" data-e-type=\"widget\" data-widget_type=\"heading.default\">\n\t\t\t\t\t<h2 class=\"elementor-heading-title elementor-size-default\">1996<\/h2>\t\t\t\t<\/div>\n\t\t\t\t<div class=\"elementor-element elementor-element-56d0155 elementor-widget elementor-widget-text-editor\" data-id=\"56d0155\" data-element_type=\"widget\" data-e-type=\"widget\" data-widget_type=\"text-editor.default\">\n\t\t\t\t\t\t\t\t\t<p style=\"text-align: justify;\" data-start=\"205\" data-end=\"388\">Fundada el <strong data-start=\"215\" data-end=\"233\">setembre de 1996<\/strong>, la <strong data-start=\"238\" data-end=\"270\">Penya Blaugrana del Rossell\u00f3<\/strong> va n\u00e9ixer d&#8217;una passi\u00f3 profunda pel FC Barcelona i d&#8217;un lligam fort amb la identitat catalana a la Catalunya Nord.<\/p><p data-start=\"390\" data-end=\"647\">A iniciativa del seu fundador i vicepresident <strong data-start=\"440\" data-end=\"455\">Henri Dabau<\/strong>, la Penya va veure la llum amb una ambici\u00f3 senzilla per\u00f2 forta: reunir els seguidors blaugranes del Rossell\u00f3 al voltant dels valors del Bar\u00e7a \u2014passi\u00f3, comprom\u00eds, solidaritat i cultura catalana.<\/p><p data-start=\"649\" data-end=\"856\">Des de fa gaireb\u00e9 tres d\u00e8cades, la nostra Penya s&#8217;ha mantingut activa, fidel al seu esperit original. Ha passat per diverses generacions, ha acompanyat les grans \u00e8poques del club i ha vibrat al ritme de les gestes del Bar\u00e7a. <\/p>\t\t\t\t\t\t\t\t<\/div>\n\t\t\t\t<\/div>\n\t\t<div class=\"elementor-element elementor-element-a228bc1 e-con-full e-flex e-con e-child\" data-id=\"a228bc1\" data-element_type=\"container\" data-e-type=\"container\">\n\t\t\t\t<div class=\"elementor-element elementor-element-bf334f0 photo-90s elementor-widget elementor-widget-image\" data-id=\"bf334f0\" data-element_type=\"widget\" data-e-type=\"widget\" data-widget_type=\"image.default\">\n\t\t\t\t\t\t\t\t\t\t\t\t\t\t\t<img fetchpriority=\"high\" decoding=\"async\" width=\"300\" height=\"199\" src=\"http:\/\/penya-blaugrana-rossello.com\/wp-content\/uploads\/2026\/02\/1996_7-1024x678-300x199-1.jpg\" class=\"attachment-large size-large wp-image-1058\" alt=\"\" \/>\t\t\t\t\t\t\t\t\t\t\t\t\t\t\t<\/div>\n\t\t\t\t<\/div>\n\t\t\t\t\t<\/div>\n\t\t\t\t<\/div>\n\t\t<div class=\"elementor-element elementor-element-1d43ca0 e-con-full e-flex e-con e-child\" data-id=\"1d43ca0\" data-element_type=\"container\" data-e-type=\"container\" data-settings=\"{&quot;background_background&quot;:&quot;classic&quot;}\">\n\t\t<div class=\"elementor-element elementor-element-dde5f6e e-con-full e-flex e-con e-child\" data-id=\"dde5f6e\" data-element_type=\"container\" data-e-type=\"container\">\n\t\t\t\t<div class=\"elementor-element elementor-element-6549f88 badge-annee elementor-widget elementor-widget-heading\" data-id=\"6549f88\" data-element_type=\"widget\" data-e-type=\"widget\" data-widget_type=\"heading.default\">\n\t\t\t\t\t<h2 class=\"elementor-heading-title elementor-size-default\">2026<\/h2>\t\t\t\t<\/div>\n\t\t\t\t<div class=\"elementor-element elementor-element-e39e260 elementor-widget elementor-widget-text-editor\" data-id=\"e39e260\" data-element_type=\"widget\" data-e-type=\"widget\" data-widget_type=\"text-editor.default\">\n\t\t\t\t\t\t\t\t\t<p data-start=\"858\" data-end=\"1071\">Avui, la Penya Blaugrana del Rossell\u00f3 compta amb <strong data-start=\"910\" data-end=\"941\">m\u00e9s de 30 penyistes actius<\/strong>, units per la mateixa fervor. Est\u00e0 reconeguda oficialment amb el n\u00famero <strong data-start=\"1017\" data-end=\"1025\">1042<\/strong>, i participa en la vida de les Penyes a trav\u00e9s de: <\/p><ul data-start=\"1073\" data-end=\"1283\"><li data-start=\"1073\" data-end=\"1118\"><p data-start=\"1075\" data-end=\"1118\">Despla\u00e7aments per assistir als partits<\/p><\/li><li data-start=\"1119\" data-end=\"1183\"><p data-start=\"1121\" data-end=\"1183\">Transmissions i trobades durant els grans partits<\/p><\/li><li data-start=\"1184\" data-end=\"1227\"><p data-start=\"1186\" data-end=\"1227\">Esdeveniments locals a la Catalunya Nord<\/p><\/li><li data-start=\"1228\" data-end=\"1283\"><p data-start=\"1230\" data-end=\"1283\">La promoci\u00f3 de la cultura i la llengua catalana<\/p><\/li><\/ul><p data-start=\"1285\" data-end=\"1392\">Plus qu\u2019un groupe de supporters,<br data-start=\"1556\" data-end=\"1559\"><strong data-start=\"1559\" data-end=\"1611\">la Penya Blaugrana del Rossell\u00f3 est une famille.<\/strong><\/p>\t\t\t\t\t\t\t\t<\/div>\n\t\t\t\t<\/div>\n\t\t<div class=\"elementor-element elementor-element-421db68 e-con-full e-flex e-con e-child\" data-id=\"421db68\" data-element_type=\"container\" data-e-type=\"container\">\n\t\t\t\t<div class=\"elementor-element elementor-element-7719edd photo-90sinv elementor-widget elementor-widget-image\" data-id=\"7719edd\" data-element_type=\"widget\" data-e-type=\"widget\" data-widget_type=\"image.default\">\n\t\t\t\t\t\t\t\t\t\t\t\t\t\t\t<img decoding=\"async\" width=\"800\" height=\"600\" src=\"http:\/\/penya-blaugrana-rossello.com\/wp-content\/uploads\/2026\/02\/staffpenya.jpg\" class=\"attachment-large size-large wp-image-1077\" alt=\"\" srcset=\"http:\/\/penya-blaugrana-rossello.com\/wp-content\/uploads\/2026\/02\/staffpenya.jpg 800w, http:\/\/penya-blaugrana-rossello.com\/wp-content\/uploads\/2026\/02\/staffpenya-300x225.jpg 300w, http:\/\/penya-blaugrana-rossello.com\/wp-content\/uploads\/2026\/02\/staffpenya-768x576.jpg 768w\" sizes=\"(max-width: 800px) 100vw, 800px\" \/>\t\t\t\t\t\t\t\t\t\t\t\t\t\t\t<\/div>\n\t\t\t\t<\/div>\n\t\t\t\t<\/div>\n\t\t<div class=\"elementor-element elementor-element-436efe4 e-con-full e-flex e-con e-child\" data-id=\"436efe4\" data-element_type=\"container\" data-e-type=\"container\" data-settings=\"{&quot;background_background&quot;:&quot;classic&quot;}\">\n\t\t<div class=\"elementor-element elementor-element-0aa050f e-con-full e-flex e-con e-child\" data-id=\"0aa050f\" data-element_type=\"container\" data-e-type=\"container\">\n\t\t\t\t<div class=\"elementor-element elementor-element-34a9d2d badge-annee elementor-widget elementor-widget-heading\" data-id=\"34a9d2d\" data-element_type=\"widget\" data-e-type=\"widget\" data-widget_type=\"heading.default\">\n\t\t\t\t\t<h2 class=\"elementor-heading-title elementor-size-default\">30 anys d'activitats<\/h2>\t\t\t\t<\/div>\n\t\t\t\t<div class=\"elementor-element elementor-element-6552947 elementor-widget elementor-widget-text-editor\" data-id=\"6552947\" data-element_type=\"widget\" data-e-type=\"widget\" data-widget_type=\"text-editor.default\">\n\t\t\t\t\t\t\t\t\t<p data-start=\"253\" data-end=\"555\">Des de fa m\u00e9s de trenta anys, la Penya Blaugrana del Rossell\u00f3 fa viure la passi\u00f3 pel FC Barcelona a la Catalunya Nord. Molt activa, <strong>la nostra Penya organitza regularment despla\u00e7aments al Camp Nou<\/strong> per donar suport al Bar\u00e7a, amb dos abonats i quatre socis del FC Barcelona entre els seus membres. <\/p><p data-start=\"557\" data-end=\"787\"><strong>La Penya tamb\u00e9 ha participat en diversos grans moments del moviment de Penyes<\/strong>, incloent la primera Trobada de Penyes organitzada a Perpiny\u00e0 fa uns anys, que va aplegar nombrosos seguidors blaugrana de tota la regi\u00f3.<\/p><p data-start=\"789\" data-end=\"1323\">El nostre comprom\u00eds tamb\u00e9 ens ha portat a despla\u00e7ar-nos <strong>a Par\u00eds per assistir a la final de la Lliga de Campions contra l&#8217;Arsenal el 2006<\/strong>. Al departament, <strong>la Penya ha organitzat diverses retransmissions p\u00fabliques de partits del Bar\u00e7a, especialment les finals de la Champions League contra el Manchester United i contra la Juventus<\/strong>. Aquests esdeveniments, organitzats en pantalla gegant al complex del M\u00e9gacastillet de Perpiny\u00e0, van aplegar nombrosos seguidors i van penjar el cartell de complet, demostrant l&#8217;entusiasme dels apassionats blaugrana a la Catalunya Nord.  <\/p><p data-start=\"789\" data-end=\"1323\">Informaci\u00f3 de premsa:<\/p><p data-start=\"789\" data-end=\"1323\"><a href=\"https:\/\/www.lindependant.fr\/2015\/06\/06\/ligue-des-champions-barca-juventus-les-penyes-du-roussillon-organisent-la-diffusion-de-la-finale-sur-ecran-geant,2040930.php\">https:\/\/www.lindependant.fr\/2015\/06\/06\/ligue-des-champions-barca-juventus-les-penyes-du-roussillon-organisent-la-diffusion-de-la-finale-sur-ecran-geant,2040930.php<\/a><\/p><p data-start=\"789\" data-end=\"1323\"><a href=\"https:\/\/www.elpuntavui.cat\/esports\/article\/48-barca\/415666-la-final-de-la-champions-league-al-mega-castillet.html\">https:\/\/www.elpuntavui.cat\/esports\/article\/48-barca\/415666-la-final-de-la-champions-league-al-mega-castillet.html<\/a><\/p><p><a href=\"https:\/\/www.francebleu.fr\/emissions\/la-vie-du-web\/roussillon\/la-passion-du-barca-sur-internet-avec-michael\">https:\/\/www.francebleu.fr\/emissions\/la-vie-du-web\/roussillon\/la-passion-du-barca-sur-internet-avec-michael<\/a><\/p>\t\t\t\t\t\t\t\t<\/div>\n\t\t\t\t<\/div>\n\t\t<div class=\"elementor-element elementor-element-cadf573 e-con-full e-flex e-con e-child\" data-id=\"cadf573\" data-element_type=\"container\" data-e-type=\"container\">\n\t\t\t\t<div class=\"elementor-element elementor-element-db9b4f9 photo-90s elementor-widget elementor-widget-image\" data-id=\"db9b4f9\" data-element_type=\"widget\" data-e-type=\"widget\" data-widget_type=\"image.default\">\n\t\t\t\t\t\t\t\t\t\t\t\t\t\t\t<img decoding=\"async\" width=\"768\" height=\"574\" src=\"http:\/\/penya-blaugrana-rossello.com\/wp-content\/uploads\/2026\/03\/penya5-768x574-1.jpg\" class=\"attachment-large size-large wp-image-1401\" alt=\"\" srcset=\"http:\/\/penya-blaugrana-rossello.com\/wp-content\/uploads\/2026\/03\/penya5-768x574-1.jpg 768w, http:\/\/penya-blaugrana-rossello.com\/wp-content\/uploads\/2026\/03\/penya5-768x574-1-300x224.jpg 300w\" sizes=\"(max-width: 768px) 100vw, 768px\" \/>\t\t\t\t\t\t\t\t\t\t\t\t\t\t\t<\/div>\n\t\t\t\t<div class=\"elementor-element elementor-element-91765e0 photo-90sinv elementor-widget elementor-widget-image\" data-id=\"91765e0\" data-element_type=\"widget\" data-e-type=\"widget\" data-widget_type=\"image.default\">\n\t\t\t\t\t\t\t\t\t\t\t\t\t\t\t<img loading=\"lazy\" decoding=\"async\" width=\"800\" height=\"600\" src=\"http:\/\/penya-blaugrana-rossello.com\/wp-content\/uploads\/2026\/03\/penya2.jpg\" class=\"attachment-large size-large wp-image-1402\" alt=\"\" srcset=\"http:\/\/penya-blaugrana-rossello.com\/wp-content\/uploads\/2026\/03\/penya2.jpg 800w, http:\/\/penya-blaugrana-rossello.com\/wp-content\/uploads\/2026\/03\/penya2-300x225.jpg 300w, http:\/\/penya-blaugrana-rossello.com\/wp-content\/uploads\/2026\/03\/penya2-768x576.jpg 768w\" sizes=\"(max-width: 800px) 100vw, 800px\" \/>\t\t\t\t\t\t\t\t\t\t\t\t\t\t\t<\/div>\n\t\t\t\t<\/div>\n\t\t\t\t<\/div>\n\t\t\t\t<\/div>\n\t\t\t\t\t<\/div>\n\t\t\t\t<\/div>\n\t\t\t\t\t<\/div>\n\t\t\t\t<\/div>\n\t\t\t\t<\/div>\n\t\t","protected":false},"excerpt":{"rendered":"<p>Penya Blaugrana del Rossell\u00f3 1042 1996 Fundada el setembre de 1996, la Penya Blaugrana del Rossell\u00f3 va n\u00e9ixer d&#8217;una passi\u00f3 profunda pel FC Barcelona i d&#8217;un lligam fort amb la identitat catalana a la Catalunya Nord. A iniciativa del seu fundador i vicepresident Henri Dabau, la Penya va veure la llum amb una ambici\u00f3 senzilla [&hellip;]<\/p>\n","protected":false},"author":1,"featured_media":0,"parent":0,"menu_order":0,"comment_status":"closed","ping_status":"closed","template":"","meta":{"footnotes":""},"class_list":["post-1076","page","type-page","status-publish","hentry"],"yoast_head":"<!-- This site is optimized with the Yoast SEO plugin v27.2 - https:\/\/yoast.com\/product\/yoast-seo-wordpress\/ -->\n<title>La nostra hist\u00f2ria - Penya Blaugrana del Rossell\u00f3<\/title>\n<meta name=\"description\" content=\"Fundada el setembre de 1996, la Penya Blaugrana del Rossell\u00f3 va n\u00e9ixer d&#039;una passi\u00f3 profunda pel FC Barcelona i d&#039;un lligam fort amb la identitat catalana a la Catalunya Nord.\" \/>\n<meta name=\"robots\" content=\"index, follow, max-snippet:-1, max-image-preview:large, max-video-preview:-1\" \/>\n<link rel=\"canonical\" href=\"http:\/\/penya-blaugrana-rossello.com\/ca\/la-nostra-historia\/\" \/>\n<meta property=\"og:locale\" content=\"ca_ES\" \/>\n<meta property=\"og:type\" content=\"article\" \/>\n<meta property=\"og:title\" content=\"Penya Blaugrana del Rossell\u00f3\" \/>\n<meta property=\"og:description\" content=\"Fundada el setembre de 1996, la Penya Blaugrana del Rossell\u00f3 va n\u00e9ixer d&#039;una passi\u00f3 profunda pel FC Barcelona i d&#039;un lligam fort amb la identitat catalana a la Catalunya Nord.\" \/>\n<meta property=\"og:url\" content=\"http:\/\/penya-blaugrana-rossello.com\/ca\/la-nostra-historia\/\" \/>\n<meta property=\"og:site_name\" content=\"Penya Blaugrana del Rossell\u00f3\" \/>\n<meta property=\"article:publisher\" content=\"https:\/\/www.facebook.com\/penya.blaugrana.rossello\/\" \/>\n<meta property=\"article:modified_time\" content=\"2026-03-07T12:02:46+00:00\" \/>\n<meta property=\"og:image\" content=\"http:\/\/penya-blaugrana-rossello.com\/wp-content\/uploads\/2026\/02\/EscutPenya_HEADER-e1770805682610-1024x987.png\" \/>\n<meta name=\"twitter:card\" content=\"summary_large_image\" \/>\n<meta name=\"twitter:label1\" content=\"Temps estimat de lectura\" \/>\n\t<meta name=\"twitter:data1\" content=\"2 minuts\" \/>\n<script type=\"application\/ld+json\" class=\"yoast-schema-graph\">{\"@context\":\"https:\/\/schema.org\",\"@graph\":[{\"@type\":\"WebPage\",\"@id\":\"http:\/\/penya-blaugrana-rossello.com\/ca\/la-nostra-historia\/\",\"url\":\"http:\/\/penya-blaugrana-rossello.com\/ca\/la-nostra-historia\/\",\"name\":\"La nostra hist\u00f2ria - Penya Blaugrana del Rossell\u00f3\",\"isPartOf\":{\"@id\":\"http:\/\/penya-blaugrana-rossello.com\/ca\/#website\"},\"primaryImageOfPage\":{\"@id\":\"http:\/\/penya-blaugrana-rossello.com\/ca\/la-nostra-historia\/#primaryimage\"},\"image\":{\"@id\":\"http:\/\/penya-blaugrana-rossello.com\/ca\/la-nostra-historia\/#primaryimage\"},\"thumbnailUrl\":\"https:\/\/penya-blaugrana-rossello.com\/wp-content\/uploads\/2026\/02\/1996_7-1024x678-300x199-1.jpg\",\"datePublished\":\"2026-02-12T07:45:03+00:00\",\"dateModified\":\"2026-03-07T12:02:46+00:00\",\"description\":\"Fundada el setembre de 1996, la Penya Blaugrana del Rossell\u00f3 va n\u00e9ixer d'una passi\u00f3 profunda pel FC Barcelona i d'un lligam fort amb la identitat catalana a la Catalunya Nord.\",\"breadcrumb\":{\"@id\":\"http:\/\/penya-blaugrana-rossello.com\/ca\/la-nostra-historia\/#breadcrumb\"},\"inLanguage\":\"ca\",\"potentialAction\":[{\"@type\":\"ReadAction\",\"target\":[\"http:\/\/penya-blaugrana-rossello.com\/ca\/la-nostra-historia\/\"]}]},{\"@type\":\"ImageObject\",\"inLanguage\":\"ca\",\"@id\":\"http:\/\/penya-blaugrana-rossello.com\/ca\/la-nostra-historia\/#primaryimage\",\"url\":\"https:\/\/penya-blaugrana-rossello.com\/wp-content\/uploads\/2026\/02\/1996_7-1024x678-300x199-1.jpg\",\"contentUrl\":\"https:\/\/penya-blaugrana-rossello.com\/wp-content\/uploads\/2026\/02\/1996_7-1024x678-300x199-1.jpg\"},{\"@type\":\"BreadcrumbList\",\"@id\":\"http:\/\/penya-blaugrana-rossello.com\/ca\/la-nostra-historia\/#breadcrumb\",\"itemListElement\":[{\"@type\":\"ListItem\",\"position\":1,\"name\":\"Accueil\",\"item\":\"http:\/\/penya-blaugrana-rossello.com\/ca\/\"},{\"@type\":\"ListItem\",\"position\":2,\"name\":\"La nostra hist\u00f2ria\"}]},{\"@type\":\"WebSite\",\"@id\":\"http:\/\/penya-blaugrana-rossello.com\/ca\/#website\",\"url\":\"http:\/\/penya-blaugrana-rossello.com\/ca\/\",\"name\":\"Penya Blaugrana del Rossell\u00f3\",\"description\":\"Penya Oficial del FC Barcelona (1042)\",\"publisher\":{\"@id\":\"http:\/\/penya-blaugrana-rossello.com\/ca\/#organization\"},\"potentialAction\":[{\"@type\":\"SearchAction\",\"target\":{\"@type\":\"EntryPoint\",\"urlTemplate\":\"http:\/\/penya-blaugrana-rossello.com\/ca\/?s={search_term_string}\"},\"query-input\":{\"@type\":\"PropertyValueSpecification\",\"valueRequired\":true,\"valueName\":\"search_term_string\"}}],\"inLanguage\":\"ca\"},{\"@type\":\"Organization\",\"@id\":\"http:\/\/penya-blaugrana-rossello.com\/ca\/#organization\",\"name\":\"Penya Blaugrana del Rossell\u00f3\",\"url\":\"http:\/\/penya-blaugrana-rossello.com\/ca\/\",\"logo\":{\"@type\":\"ImageObject\",\"inLanguage\":\"ca\",\"@id\":\"http:\/\/penya-blaugrana-rossello.com\/ca\/#\/schema\/logo\/image\/\",\"url\":\"http:\/\/penya-blaugrana-rossello.com\/wp-content\/uploads\/2026\/02\/EscutPenya_HEADER-e1770805682610.png\",\"contentUrl\":\"http:\/\/penya-blaugrana-rossello.com\/wp-content\/uploads\/2026\/02\/EscutPenya_HEADER-e1770805682610.png\",\"width\":1150,\"height\":1108,\"caption\":\"Penya Blaugrana del Rossell\u00f3\"},\"image\":{\"@id\":\"http:\/\/penya-blaugrana-rossello.com\/ca\/#\/schema\/logo\/image\/\"},\"sameAs\":[\"https:\/\/www.facebook.com\/penya.blaugrana.rossello\/\"]}]}<\/script>\n<!-- \/ Yoast SEO plugin. -->","yoast_head_json":{"title":"La nostra hist\u00f2ria - Penya Blaugrana del Rossell\u00f3","description":"Fundada el setembre de 1996, la Penya Blaugrana del Rossell\u00f3 va n\u00e9ixer d'una passi\u00f3 profunda pel FC Barcelona i d'un lligam fort amb la identitat catalana a la Catalunya Nord.","robots":{"index":"index","follow":"follow","max-snippet":"max-snippet:-1","max-image-preview":"max-image-preview:large","max-video-preview":"max-video-preview:-1"},"canonical":"http:\/\/penya-blaugrana-rossello.com\/ca\/la-nostra-historia\/","og_locale":"ca_ES","og_type":"article","og_title":"Penya Blaugrana del Rossell\u00f3","og_description":"Fundada el setembre de 1996, la Penya Blaugrana del Rossell\u00f3 va n\u00e9ixer d'una passi\u00f3 profunda pel FC Barcelona i d'un lligam fort amb la identitat catalana a la Catalunya Nord.","og_url":"http:\/\/penya-blaugrana-rossello.com\/ca\/la-nostra-historia\/","og_site_name":"Penya Blaugrana del Rossell\u00f3","article_publisher":"https:\/\/www.facebook.com\/penya.blaugrana.rossello\/","article_modified_time":"2026-03-07T12:02:46+00:00","og_image":[{"url":"http:\/\/penya-blaugrana-rossello.com\/wp-content\/uploads\/2026\/02\/EscutPenya_HEADER-e1770805682610-1024x987.png","type":"","width":"","height":""}],"twitter_card":"summary_large_image","twitter_misc":{"Temps estimat de lectura":"2 minuts"},"schema":{"@context":"https:\/\/schema.org","@graph":[{"@type":"WebPage","@id":"http:\/\/penya-blaugrana-rossello.com\/ca\/la-nostra-historia\/","url":"http:\/\/penya-blaugrana-rossello.com\/ca\/la-nostra-historia\/","name":"La nostra hist\u00f2ria - Penya Blaugrana del Rossell\u00f3","isPartOf":{"@id":"http:\/\/penya-blaugrana-rossello.com\/ca\/#website"},"primaryImageOfPage":{"@id":"http:\/\/penya-blaugrana-rossello.com\/ca\/la-nostra-historia\/#primaryimage"},"image":{"@id":"http:\/\/penya-blaugrana-rossello.com\/ca\/la-nostra-historia\/#primaryimage"},"thumbnailUrl":"https:\/\/penya-blaugrana-rossello.com\/wp-content\/uploads\/2026\/02\/1996_7-1024x678-300x199-1.jpg","datePublished":"2026-02-12T07:45:03+00:00","dateModified":"2026-03-07T12:02:46+00:00","description":"Fundada el setembre de 1996, la Penya Blaugrana del Rossell\u00f3 va n\u00e9ixer d'una passi\u00f3 profunda pel FC Barcelona i d'un lligam fort amb la identitat catalana a la Catalunya Nord.","breadcrumb":{"@id":"http:\/\/penya-blaugrana-rossello.com\/ca\/la-nostra-historia\/#breadcrumb"},"inLanguage":"ca","potentialAction":[{"@type":"ReadAction","target":["http:\/\/penya-blaugrana-rossello.com\/ca\/la-nostra-historia\/"]}]},{"@type":"ImageObject","inLanguage":"ca","@id":"http:\/\/penya-blaugrana-rossello.com\/ca\/la-nostra-historia\/#primaryimage","url":"https:\/\/penya-blaugrana-rossello.com\/wp-content\/uploads\/2026\/02\/1996_7-1024x678-300x199-1.jpg","contentUrl":"https:\/\/penya-blaugrana-rossello.com\/wp-content\/uploads\/2026\/02\/1996_7-1024x678-300x199-1.jpg"},{"@type":"BreadcrumbList","@id":"http:\/\/penya-blaugrana-rossello.com\/ca\/la-nostra-historia\/#breadcrumb","itemListElement":[{"@type":"ListItem","position":1,"name":"Accueil","item":"http:\/\/penya-blaugrana-rossello.com\/ca\/"},{"@type":"ListItem","position":2,"name":"La nostra hist\u00f2ria"}]},{"@type":"WebSite","@id":"http:\/\/penya-blaugrana-rossello.com\/ca\/#website","url":"http:\/\/penya-blaugrana-rossello.com\/ca\/","name":"Penya Blaugrana del Rossell\u00f3","description":"Penya Oficial del FC Barcelona (1042)","publisher":{"@id":"http:\/\/penya-blaugrana-rossello.com\/ca\/#organization"},"potentialAction":[{"@type":"SearchAction","target":{"@type":"EntryPoint","urlTemplate":"http:\/\/penya-blaugrana-rossello.com\/ca\/?s={search_term_string}"},"query-input":{"@type":"PropertyValueSpecification","valueRequired":true,"valueName":"search_term_string"}}],"inLanguage":"ca"},{"@type":"Organization","@id":"http:\/\/penya-blaugrana-rossello.com\/ca\/#organization","name":"Penya Blaugrana del Rossell\u00f3","url":"http:\/\/penya-blaugrana-rossello.com\/ca\/","logo":{"@type":"ImageObject","inLanguage":"ca","@id":"http:\/\/penya-blaugrana-rossello.com\/ca\/#\/schema\/logo\/image\/","url":"http:\/\/penya-blaugrana-rossello.com\/wp-content\/uploads\/2026\/02\/EscutPenya_HEADER-e1770805682610.png","contentUrl":"http:\/\/penya-blaugrana-rossello.com\/wp-content\/uploads\/2026\/02\/EscutPenya_HEADER-e1770805682610.png","width":1150,"height":1108,"caption":"Penya Blaugrana del Rossell\u00f3"},"image":{"@id":"http:\/\/penya-blaugrana-rossello.com\/ca\/#\/schema\/logo\/image\/"},"sameAs":["https:\/\/www.facebook.com\/penya.blaugrana.rossello\/"]}]}},"_links":{"self":[{"href":"http:\/\/penya-blaugrana-rossello.com\/ca\/wp-json\/wp\/v2\/pages\/1076","targetHints":{"allow":["GET"]}}],"collection":[{"href":"http:\/\/penya-blaugrana-rossello.com\/ca\/wp-json\/wp\/v2\/pages"}],"about":[{"href":"http:\/\/penya-blaugrana-rossello.com\/ca\/wp-json\/wp\/v2\/types\/page"}],"author":[{"embeddable":true,"href":"http:\/\/penya-blaugrana-rossello.com\/ca\/wp-json\/wp\/v2\/users\/1"}],"replies":[{"embeddable":true,"href":"http:\/\/penya-blaugrana-rossello.com\/ca\/wp-json\/wp\/v2\/comments?post=1076"}],"version-history":[{"count":11,"href":"http:\/\/penya-blaugrana-rossello.com\/ca\/wp-json\/wp\/v2\/pages\/1076\/revisions"}],"predecessor-version":[{"id":1512,"href":"http:\/\/penya-blaugrana-rossello.com\/ca\/wp-json\/wp\/v2\/pages\/1076\/revisions\/1512"}],"wp:attachment":[{"href":"http:\/\/penya-blaugrana-rossello.com\/ca\/wp-json\/wp\/v2\/media?parent=1076"}],"curies":[{"name":"wp","href":"https:\/\/api.w.org\/{rel}","templated":true}]}}