{"id":1064,"date":"2026-02-25T15:40:46","date_gmt":"2026-02-25T14:40:46","guid":{"rendered":"https:\/\/penya-blaugrana-rossello.com\/actualitat\/"},"modified":"2026-03-07T13:32:16","modified_gmt":"2026-03-07T12:32:16","slug":"actualitat","status":"publish","type":"page","link":"http:\/\/penya-blaugrana-rossello.com\/ca\/actualitat\/","title":{"rendered":"Actualitat"},"content":{"rendered":"\t\t<div data-elementor-type=\"wp-page\" data-elementor-id=\"1064\" class=\"elementor elementor-1064 elementor-872\" data-elementor-post-type=\"page\">\n\t\t\t\t<div class=\"elementor-element elementor-element-6842514b e-flex e-con-boxed e-con e-parent\" data-id=\"6842514b\" data-element_type=\"container\" data-e-type=\"container\">\n\t\t\t\t\t<div class=\"e-con-inner\">\n\t\t<div class=\"elementor-element elementor-element-af8ba1b e-flex e-con-boxed e-con e-child\" data-id=\"af8ba1b\" data-element_type=\"container\" data-e-type=\"container\">\n\t\t\t\t\t<div class=\"e-con-inner\">\n\t\t<div class=\"elementor-element elementor-element-49135bdd e-con-full e-flex e-con e-child\" data-id=\"49135bdd\" data-element_type=\"container\" data-e-type=\"container\" data-settings=\"{&quot;background_background&quot;:&quot;classic&quot;}\">\n\t\t\t\t<div class=\"elementor-element elementor-element-1ed99d44 elementor-widget elementor-widget-heading\" data-id=\"1ed99d44\" data-element_type=\"widget\" data-e-type=\"widget\" data-widget_type=\"heading.default\">\n\t\t\t\t\t<h2 class=\"elementor-heading-title elementor-size-default\">Penya Blaugrana del Rossell\u00f3<\/h2>\t\t\t\t<\/div>\n\t\t\t\t<div class=\"elementor-element elementor-element-57148cfd elementor-widget elementor-widget-heading\" data-id=\"57148cfd\" data-element_type=\"widget\" data-e-type=\"widget\" data-widget_type=\"heading.default\">\n\t\t\t\t\t<h2 class=\"elementor-heading-title elementor-size-default\">1042<\/h2>\t\t\t\t<\/div>\n\t\t<div class=\"elementor-element elementor-element-6acf4c68 e-flex e-con-boxed e-con e-child\" data-id=\"6acf4c68\" data-element_type=\"container\" data-e-type=\"container\" data-settings=\"{&quot;background_background&quot;:&quot;classic&quot;}\">\n\t\t\t\t\t<div class=\"e-con-inner\">\n\t\t\t\t<div class=\"elementor-element elementor-element-59c2ec1 elementor-grid-3 elementor-grid-tablet-2 elementor-grid-mobile-1 elementor-posts--thumbnail-top elementor-card-shadow-yes elementor-posts__hover-gradient elementor-widget elementor-widget-posts\" data-id=\"59c2ec1\" data-element_type=\"widget\" data-e-type=\"widget\" data-settings=\"{&quot;cards_columns&quot;:&quot;3&quot;,&quot;cards_columns_tablet&quot;:&quot;2&quot;,&quot;cards_columns_mobile&quot;:&quot;1&quot;,&quot;cards_row_gap&quot;:{&quot;unit&quot;:&quot;px&quot;,&quot;size&quot;:35,&quot;sizes&quot;:[]},&quot;cards_row_gap_tablet&quot;:{&quot;unit&quot;:&quot;px&quot;,&quot;size&quot;:&quot;&quot;,&quot;sizes&quot;:[]},&quot;cards_row_gap_mobile&quot;:{&quot;unit&quot;:&quot;px&quot;,&quot;size&quot;:&quot;&quot;,&quot;sizes&quot;:[]}}\" data-widget_type=\"posts.cards\">\n\t\t\t\t<div class=\"elementor-widget-container\">\n\t\t\t\t\t\t\t<div class=\"elementor-posts-container elementor-posts elementor-posts--skin-cards elementor-grid\" role=\"list\">\n\t\t\t\t<article class=\"elementor-post elementor-grid-item post-1574 post type-post status-publish format-standard has-post-thumbnail hentry category-barca\" role=\"listitem\">\n\t\t\t<div class=\"elementor-post__card\">\n\t\t\t\t<a class=\"elementor-post__thumbnail__link\" href=\"http:\/\/penya-blaugrana-rossello.com\/ca\/2026\/03\/18\/%f0%9f%94%b5%f0%9f%94%b4-nit-de-festa-al-camp-nou-el-barca-goleja-el-newcastle-7-2-i-es-classifica-per-als-quarts\/\" tabindex=\"-1\" ><div class=\"elementor-post__thumbnail\"><img fetchpriority=\"high\" decoding=\"async\" width=\"300\" height=\"200\" src=\"http:\/\/penya-blaugrana-rossello.com\/wp-content\/uploads\/2026\/03\/newcastle-300x200.jpeg\" class=\"attachment-medium size-medium wp-image-1573\" alt=\"\" srcset=\"http:\/\/penya-blaugrana-rossello.com\/wp-content\/uploads\/2026\/03\/newcastle-300x200.jpeg 300w, http:\/\/penya-blaugrana-rossello.com\/wp-content\/uploads\/2026\/03\/newcastle-768x512.jpeg 768w, http:\/\/penya-blaugrana-rossello.com\/wp-content\/uploads\/2026\/03\/newcastle.jpeg 1024w\" sizes=\"(max-width: 300px) 100vw, 300px\" \/><\/div><\/a>\n\t\t\t\t<div class=\"elementor-post__badge\">Bar\u00e7a<\/div>\n\t\t\t\t<div class=\"elementor-post__text\">\n\t\t\t\t<h3 class=\"elementor-post__title\">\n\t\t\t<a href=\"http:\/\/penya-blaugrana-rossello.com\/ca\/2026\/03\/18\/%f0%9f%94%b5%f0%9f%94%b4-nit-de-festa-al-camp-nou-el-barca-goleja-el-newcastle-7-2-i-es-classifica-per-als-quarts\/\" >\n\t\t\t\t\ud83d\udd35\ud83d\udd34 Nit de festa al Camp Nou: el Bar\u00e7a goleja el Newcastle (7-2) i es classifica per als quarts\t\t\t<\/a>\n\t\t<\/h3>\n\t\t\t\t<div class=\"elementor-post__excerpt\">\n\t\t\t<p>El FC Barcelona ha viscut aquesta nit una gran cita europea en imposar-se amb contund\u00e8ncia per 7-2 davant el Newcastle United al Camp Nou, aconseguint<\/p>\n\t\t<\/div>\n\t\t\n\t\t<a class=\"elementor-post__read-more\" href=\"http:\/\/penya-blaugrana-rossello.com\/ca\/2026\/03\/18\/%f0%9f%94%b5%f0%9f%94%b4-nit-de-festa-al-camp-nou-el-barca-goleja-el-newcastle-7-2-i-es-classifica-per-als-quarts\/\" aria-label=\"Read more about \ud83d\udd35\ud83d\udd34 Nit de festa al Camp Nou: el Bar\u00e7a goleja el Newcastle (7-2) i es classifica per als quarts\" tabindex=\"-1\" >\n\t\t\tLlegeix m\u00e9s \u00bb\t\t<\/a>\n\n\t\t\t\t<\/div>\n\t\t\t\t<div class=\"elementor-post__meta-data\">\n\t\t\t\t\t<span class=\"elementor-post-date\">\n\t\t\t18 mar\u00e7 2026\t\t<\/span>\n\t\t\t\t<\/div>\n\t\t\t\t\t<\/div>\n\t\t<\/article>\n\t\t\t\t<article class=\"elementor-post elementor-grid-item post-1568 post type-post status-publish format-standard hentry category-barca\" role=\"listitem\">\n\t\t\t<div class=\"elementor-post__card\">\n\t\t\t\t<div class=\"elementor-post__text\">\n\t\t\t\t<h3 class=\"elementor-post__title\">\n\t\t\t<a href=\"http:\/\/penya-blaugrana-rossello.com\/ca\/2026\/03\/15\/%f0%9f%94%b5%f0%9f%94%b4-felicitats-al-president-laporta-una-nova-etapa-per-al-barca\/\" >\n\t\t\t\t\ud83d\udd35\ud83d\udd34 Felicitats al President Laporta: una nova etapa per al Bar\u00e7a\t\t\t<\/a>\n\t\t<\/h3>\n\t\t\t\t<div class=\"elementor-post__excerpt\">\n\t\t\t<p>La Penya Blaugrana del Rossell\u00f3 vol felicitar sincerament Joan Laporta per la seva vict\u00f2ria a les eleccions a la presid\u00e8ncia del FC Barcelona. Aquest resultat<\/p>\n\t\t<\/div>\n\t\t\n\t\t<a class=\"elementor-post__read-more\" href=\"http:\/\/penya-blaugrana-rossello.com\/ca\/2026\/03\/15\/%f0%9f%94%b5%f0%9f%94%b4-felicitats-al-president-laporta-una-nova-etapa-per-al-barca\/\" aria-label=\"Read more about \ud83d\udd35\ud83d\udd34 Felicitats al President Laporta: una nova etapa per al Bar\u00e7a\" tabindex=\"-1\" >\n\t\t\tLlegeix m\u00e9s \u00bb\t\t<\/a>\n\n\t\t\t\t<\/div>\n\t\t\t\t<div class=\"elementor-post__meta-data\">\n\t\t\t\t\t<span class=\"elementor-post-date\">\n\t\t\t15 mar\u00e7 2026\t\t<\/span>\n\t\t\t\t<\/div>\n\t\t\t\t\t<\/div>\n\t\t<\/article>\n\t\t\t\t<article class=\"elementor-post elementor-grid-item post-1541 post type-post status-publish format-standard hentry category-barca\" role=\"listitem\">\n\t\t\t<div class=\"elementor-post__card\">\n\t\t\t\t<div class=\"elementor-post__text\">\n\t\t\t\t<h3 class=\"elementor-post__title\">\n\t\t\t<a href=\"http:\/\/penya-blaugrana-rossello.com\/ca\/2026\/03\/08\/%f0%9f%94%b5%f0%9f%94%b4-un-golas-de-lamine-yamal-dona-tres-punts-dor-al-barca\/\" >\n\t\t\t\t\ud83d\udd35\ud83d\udd34 Un gol\u00e0s de Lamine Yamal dona tres punts d\u2019or al Bar\u00e7a\t\t\t<\/a>\n\t\t<\/h3>\n\t\t\t\t<div class=\"elementor-post__excerpt\">\n\t\t\t<p>El FC Barcelona va aconseguir ahir una vict\u00f2ria extremadament important al camp de l\u2019Athletic Club (0-1), gr\u00e0cies a un gol\u00e0s de Lamine Yamal que permet<\/p>\n\t\t<\/div>\n\t\t\n\t\t<a class=\"elementor-post__read-more\" href=\"http:\/\/penya-blaugrana-rossello.com\/ca\/2026\/03\/08\/%f0%9f%94%b5%f0%9f%94%b4-un-golas-de-lamine-yamal-dona-tres-punts-dor-al-barca\/\" aria-label=\"Read more about \ud83d\udd35\ud83d\udd34 Un gol\u00e0s de Lamine Yamal dona tres punts d\u2019or al Bar\u00e7a\" tabindex=\"-1\" >\n\t\t\tLlegeix m\u00e9s \u00bb\t\t<\/a>\n\n\t\t\t\t<\/div>\n\t\t\t\t<div class=\"elementor-post__meta-data\">\n\t\t\t\t\t<span class=\"elementor-post-date\">\n\t\t\t8 mar\u00e7 2026\t\t<\/span>\n\t\t\t\t<\/div>\n\t\t\t\t\t<\/div>\n\t\t<\/article>\n\t\t\t\t<article class=\"elementor-post elementor-grid-item post-1308 post type-post status-publish format-standard hentry category-barca\" role=\"listitem\">\n\t\t\t<div class=\"elementor-post__card\">\n\t\t\t\t<div class=\"elementor-post__text\">\n\t\t\t\t<h3 class=\"elementor-post__title\">\n\t\t\t<a href=\"http:\/\/penya-blaugrana-rossello.com\/ca\/2026\/03\/06\/%f0%9f%94%b5%f0%9f%94%b4-eleccions-a-la-presidencia-del-barca-un-moment-important-per-al-futur-del-club\/\" >\n\t\t\t\t\ud83d\udd35\ud83d\udd34 Eleccions a la presid\u00e8ncia del Bar\u00e7a: un moment important per al futur del club\t\t\t<\/a>\n\t\t<\/h3>\n\t\t\t\t<div class=\"elementor-post__excerpt\">\n\t\t\t<p>El FC Barcelona viur\u00e0 aquest mes de mar\u00e7 un moment molt important per al futur del club. Els socis seran cridats a votar el 15<\/p>\n\t\t<\/div>\n\t\t\n\t\t<a class=\"elementor-post__read-more\" href=\"http:\/\/penya-blaugrana-rossello.com\/ca\/2026\/03\/06\/%f0%9f%94%b5%f0%9f%94%b4-eleccions-a-la-presidencia-del-barca-un-moment-important-per-al-futur-del-club\/\" aria-label=\"Read more about \ud83d\udd35\ud83d\udd34 Eleccions a la presid\u00e8ncia del Bar\u00e7a: un moment important per al futur del club\" tabindex=\"-1\" >\n\t\t\tLlegeix m\u00e9s \u00bb\t\t<\/a>\n\n\t\t\t\t<\/div>\n\t\t\t\t<div class=\"elementor-post__meta-data\">\n\t\t\t\t\t<span class=\"elementor-post-date\">\n\t\t\t6 mar\u00e7 2026\t\t<\/span>\n\t\t\t\t<\/div>\n\t\t\t\t\t<\/div>\n\t\t<\/article>\n\t\t\t\t<article class=\"elementor-post elementor-grid-item post-1185 post type-post status-publish format-standard has-post-thumbnail hentry category-barca\" role=\"listitem\">\n\t\t\t<div class=\"elementor-post__card\">\n\t\t\t\t<a class=\"elementor-post__thumbnail__link\" href=\"http:\/\/penya-blaugrana-rossello.com\/ca\/2026\/03\/04\/%f0%9f%94%b5%f0%9f%94%b4-orgull-blaugrana-un-barca-valent-que-fa-somiar\/\" tabindex=\"-1\" ><div class=\"elementor-post__thumbnail\"><img decoding=\"async\" width=\"300\" height=\"200\" src=\"http:\/\/penya-blaugrana-rossello.com\/wp-content\/uploads\/2026\/03\/bernal-atletico2-300x200.jpg\" class=\"attachment-medium size-medium wp-image-1186\" alt=\"\" srcset=\"http:\/\/penya-blaugrana-rossello.com\/wp-content\/uploads\/2026\/03\/bernal-atletico2-300x200.jpg 300w, http:\/\/penya-blaugrana-rossello.com\/wp-content\/uploads\/2026\/03\/bernal-atletico2-1024x683.jpg 1024w, http:\/\/penya-blaugrana-rossello.com\/wp-content\/uploads\/2026\/03\/bernal-atletico2-768x512.jpg 768w, http:\/\/penya-blaugrana-rossello.com\/wp-content\/uploads\/2026\/03\/bernal-atletico2.jpg 1200w\" sizes=\"(max-width: 300px) 100vw, 300px\" \/><\/div><\/a>\n\t\t\t\t<div class=\"elementor-post__badge\">Bar\u00e7a<\/div>\n\t\t\t\t<div class=\"elementor-post__text\">\n\t\t\t\t<h3 class=\"elementor-post__title\">\n\t\t\t<a href=\"http:\/\/penya-blaugrana-rossello.com\/ca\/2026\/03\/04\/%f0%9f%94%b5%f0%9f%94%b4-orgull-blaugrana-un-barca-valent-que-fa-somiar\/\" >\n\t\t\t\t\ud83d\udd35\ud83d\udd34 Orgull blaugrana: un Bar\u00e7a valent que fa somiar\t\t\t<\/a>\n\t\t<\/h3>\n\t\t\t\t<div class=\"elementor-post__excerpt\">\n\t\t\t<p>Ahir a la nit, el FC Barcelona va oferir un partit enorme, ple d\u2019ambici\u00f3, r\u00e0bia i orgull. Davant l\u2019Atl\u00e9tico de Madrid, els jugadors blaugrana van<\/p>\n\t\t<\/div>\n\t\t\n\t\t<a class=\"elementor-post__read-more\" href=\"http:\/\/penya-blaugrana-rossello.com\/ca\/2026\/03\/04\/%f0%9f%94%b5%f0%9f%94%b4-orgull-blaugrana-un-barca-valent-que-fa-somiar\/\" aria-label=\"Read more about \ud83d\udd35\ud83d\udd34 Orgull blaugrana: un Bar\u00e7a valent que fa somiar\" tabindex=\"-1\" >\n\t\t\tLlegeix m\u00e9s \u00bb\t\t<\/a>\n\n\t\t\t\t<\/div>\n\t\t\t\t<div class=\"elementor-post__meta-data\">\n\t\t\t\t\t<span class=\"elementor-post-date\">\n\t\t\t4 mar\u00e7 2026\t\t<\/span>\n\t\t\t\t<\/div>\n\t\t\t\t\t<\/div>\n\t\t<\/article>\n\t\t\t\t<article class=\"elementor-post elementor-grid-item post-1178 post type-post status-publish format-standard has-post-thumbnail hentry category-barca category-vida-de-la-penya\" role=\"listitem\">\n\t\t\t<div class=\"elementor-post__card\">\n\t\t\t\t<a class=\"elementor-post__thumbnail__link\" href=\"http:\/\/penya-blaugrana-rossello.com\/ca\/2026\/03\/02\/%f0%9f%8e%b6-els-cantics-del-barca-lanima-del-camp-nou\/\" tabindex=\"-1\" ><div class=\"elementor-post__thumbnail\"><img decoding=\"async\" width=\"300\" height=\"169\" src=\"http:\/\/penya-blaugrana-rossello.com\/wp-content\/uploads\/2026\/03\/seguidoes-barca-300x169.jpg\" class=\"attachment-medium size-medium wp-image-1181\" alt=\"\" srcset=\"http:\/\/penya-blaugrana-rossello.com\/wp-content\/uploads\/2026\/03\/seguidoes-barca-300x169.jpg 300w, http:\/\/penya-blaugrana-rossello.com\/wp-content\/uploads\/2026\/03\/seguidoes-barca-1024x576.jpg 1024w, http:\/\/penya-blaugrana-rossello.com\/wp-content\/uploads\/2026\/03\/seguidoes-barca-768x432.jpg 768w, http:\/\/penya-blaugrana-rossello.com\/wp-content\/uploads\/2026\/03\/seguidoes-barca-1536x864.jpg 1536w, http:\/\/penya-blaugrana-rossello.com\/wp-content\/uploads\/2026\/03\/seguidoes-barca.jpg 1600w\" sizes=\"(max-width: 300px) 100vw, 300px\" \/><\/div><\/a>\n\t\t\t\t<div class=\"elementor-post__badge\">Bar\u00e7a<\/div>\n\t\t\t\t<div class=\"elementor-post__text\">\n\t\t\t\t<h3 class=\"elementor-post__title\">\n\t\t\t<a href=\"http:\/\/penya-blaugrana-rossello.com\/ca\/2026\/03\/02\/%f0%9f%8e%b6-els-cantics-del-barca-lanima-del-camp-nou\/\" >\n\t\t\t\t\ud83c\udfb6 Els c\u00e0ntics del Bar\u00e7a: l\u2019\u00e0nima del Camp Nou\t\t\t<\/a>\n\t\t<\/h3>\n\t\t\t\t<div class=\"elementor-post__excerpt\">\n\t\t\t<p>Si hi ha una cosa que fa vibrar el cor dels seguidors del FC Barcelona, s\u00f3n els seus cants. Molt m\u00e9s que simples can\u00e7ons, s\u00f3n<\/p>\n\t\t<\/div>\n\t\t\n\t\t<a class=\"elementor-post__read-more\" href=\"http:\/\/penya-blaugrana-rossello.com\/ca\/2026\/03\/02\/%f0%9f%8e%b6-els-cantics-del-barca-lanima-del-camp-nou\/\" aria-label=\"Read more about \ud83c\udfb6 Els c\u00e0ntics del Bar\u00e7a: l\u2019\u00e0nima del Camp Nou\" tabindex=\"-1\" >\n\t\t\tLlegeix m\u00e9s \u00bb\t\t<\/a>\n\n\t\t\t\t<\/div>\n\t\t\t\t<div class=\"elementor-post__meta-data\">\n\t\t\t\t\t<span class=\"elementor-post-date\">\n\t\t\t2 mar\u00e7 2026\t\t<\/span>\n\t\t\t\t<\/div>\n\t\t\t\t\t<\/div>\n\t\t<\/article>\n\t\t\t\t<\/div>\n\t\t\n\t\t\t\t\t\t<\/div>\n\t\t\t\t<\/div>\n\t\t\t\t\t<\/div>\n\t\t\t\t<\/div>\n\t\t\t\t<\/div>\n\t\t\t\t\t<\/div>\n\t\t\t\t<\/div>\n\t\t\t\t\t<\/div>\n\t\t\t\t<\/div>\n\t\t\t\t<\/div>\n\t\t","protected":false},"excerpt":{"rendered":"<p>Penya Blaugrana del Rossell\u00f3 1042<\/p>\n","protected":false},"author":1,"featured_media":0,"parent":0,"menu_order":0,"comment_status":"closed","ping_status":"closed","template":"","meta":{"footnotes":""},"class_list":["post-1064","page","type-page","status-publish","hentry"],"yoast_head":"<!-- This site is optimized with the Yoast SEO plugin v27.2 - https:\/\/yoast.com\/product\/yoast-seo-wordpress\/ -->\n<title>Actualitat - Penya Blaugrana del Rossell\u00f3<\/title>\n<meta name=\"robots\" content=\"index, follow, max-snippet:-1, max-image-preview:large, max-video-preview:-1\" \/>\n<link rel=\"canonical\" href=\"http:\/\/penya-blaugrana-rossello.com\/ca\/actualitat\/\" \/>\n<meta property=\"og:locale\" content=\"ca_ES\" \/>\n<meta property=\"og:type\" content=\"article\" \/>\n<meta property=\"og:title\" content=\"Actualitat - Penya Blaugrana del Rossell\u00f3\" \/>\n<meta property=\"og:description\" content=\"Penya Blaugrana del Rossell\u00f3 1042\" \/>\n<meta property=\"og:url\" content=\"http:\/\/penya-blaugrana-rossello.com\/ca\/actualitat\/\" \/>\n<meta property=\"og:site_name\" content=\"Penya Blaugrana del Rossell\u00f3\" \/>\n<meta property=\"article:publisher\" content=\"https:\/\/www.facebook.com\/penya.blaugrana.rossello\/\" \/>\n<meta property=\"article:modified_time\" content=\"2026-03-07T12:32:16+00:00\" \/>\n<meta name=\"twitter:card\" content=\"summary_large_image\" \/>\n<script type=\"application\/ld+json\" class=\"yoast-schema-graph\">{\"@context\":\"https:\/\/schema.org\",\"@graph\":[{\"@type\":\"WebPage\",\"@id\":\"http:\/\/penya-blaugrana-rossello.com\/ca\/actualitat\/\",\"url\":\"http:\/\/penya-blaugrana-rossello.com\/ca\/actualitat\/\",\"name\":\"Actualitat - Penya Blaugrana del Rossell\u00f3\",\"isPartOf\":{\"@id\":\"http:\/\/penya-blaugrana-rossello.com\/ca\/#website\"},\"datePublished\":\"2026-02-25T14:40:46+00:00\",\"dateModified\":\"2026-03-07T12:32:16+00:00\",\"breadcrumb\":{\"@id\":\"http:\/\/penya-blaugrana-rossello.com\/ca\/actualitat\/#breadcrumb\"},\"inLanguage\":\"ca\",\"potentialAction\":[{\"@type\":\"ReadAction\",\"target\":[\"http:\/\/penya-blaugrana-rossello.com\/ca\/actualitat\/\"]}]},{\"@type\":\"BreadcrumbList\",\"@id\":\"http:\/\/penya-blaugrana-rossello.com\/ca\/actualitat\/#breadcrumb\",\"itemListElement\":[{\"@type\":\"ListItem\",\"position\":1,\"name\":\"Accueil\",\"item\":\"http:\/\/penya-blaugrana-rossello.com\/ca\/\"},{\"@type\":\"ListItem\",\"position\":2,\"name\":\"Actualitat\"}]},{\"@type\":\"WebSite\",\"@id\":\"http:\/\/penya-blaugrana-rossello.com\/ca\/#website\",\"url\":\"http:\/\/penya-blaugrana-rossello.com\/ca\/\",\"name\":\"Penya Blaugrana del Rossell\u00f3\",\"description\":\"Penya Oficial del FC Barcelona (1042)\",\"publisher\":{\"@id\":\"http:\/\/penya-blaugrana-rossello.com\/ca\/#organization\"},\"potentialAction\":[{\"@type\":\"SearchAction\",\"target\":{\"@type\":\"EntryPoint\",\"urlTemplate\":\"http:\/\/penya-blaugrana-rossello.com\/ca\/?s={search_term_string}\"},\"query-input\":{\"@type\":\"PropertyValueSpecification\",\"valueRequired\":true,\"valueName\":\"search_term_string\"}}],\"inLanguage\":\"ca\"},{\"@type\":\"Organization\",\"@id\":\"http:\/\/penya-blaugrana-rossello.com\/ca\/#organization\",\"name\":\"Penya Blaugrana del Rossell\u00f3\",\"url\":\"http:\/\/penya-blaugrana-rossello.com\/ca\/\",\"logo\":{\"@type\":\"ImageObject\",\"inLanguage\":\"ca\",\"@id\":\"http:\/\/penya-blaugrana-rossello.com\/ca\/#\/schema\/logo\/image\/\",\"url\":\"http:\/\/penya-blaugrana-rossello.com\/wp-content\/uploads\/2026\/02\/EscutPenya_HEADER-e1770805682610.png\",\"contentUrl\":\"http:\/\/penya-blaugrana-rossello.com\/wp-content\/uploads\/2026\/02\/EscutPenya_HEADER-e1770805682610.png\",\"width\":1150,\"height\":1108,\"caption\":\"Penya Blaugrana del Rossell\u00f3\"},\"image\":{\"@id\":\"http:\/\/penya-blaugrana-rossello.com\/ca\/#\/schema\/logo\/image\/\"},\"sameAs\":[\"https:\/\/www.facebook.com\/penya.blaugrana.rossello\/\"]}]}<\/script>\n<!-- \/ Yoast SEO plugin. -->","yoast_head_json":{"title":"Actualitat - Penya Blaugrana del Rossell\u00f3","robots":{"index":"index","follow":"follow","max-snippet":"max-snippet:-1","max-image-preview":"max-image-preview:large","max-video-preview":"max-video-preview:-1"},"canonical":"http:\/\/penya-blaugrana-rossello.com\/ca\/actualitat\/","og_locale":"ca_ES","og_type":"article","og_title":"Actualitat - Penya Blaugrana del Rossell\u00f3","og_description":"Penya Blaugrana del Rossell\u00f3 1042","og_url":"http:\/\/penya-blaugrana-rossello.com\/ca\/actualitat\/","og_site_name":"Penya Blaugrana del Rossell\u00f3","article_publisher":"https:\/\/www.facebook.com\/penya.blaugrana.rossello\/","article_modified_time":"2026-03-07T12:32:16+00:00","twitter_card":"summary_large_image","schema":{"@context":"https:\/\/schema.org","@graph":[{"@type":"WebPage","@id":"http:\/\/penya-blaugrana-rossello.com\/ca\/actualitat\/","url":"http:\/\/penya-blaugrana-rossello.com\/ca\/actualitat\/","name":"Actualitat - Penya Blaugrana del Rossell\u00f3","isPartOf":{"@id":"http:\/\/penya-blaugrana-rossello.com\/ca\/#website"},"datePublished":"2026-02-25T14:40:46+00:00","dateModified":"2026-03-07T12:32:16+00:00","breadcrumb":{"@id":"http:\/\/penya-blaugrana-rossello.com\/ca\/actualitat\/#breadcrumb"},"inLanguage":"ca","potentialAction":[{"@type":"ReadAction","target":["http:\/\/penya-blaugrana-rossello.com\/ca\/actualitat\/"]}]},{"@type":"BreadcrumbList","@id":"http:\/\/penya-blaugrana-rossello.com\/ca\/actualitat\/#breadcrumb","itemListElement":[{"@type":"ListItem","position":1,"name":"Accueil","item":"http:\/\/penya-blaugrana-rossello.com\/ca\/"},{"@type":"ListItem","position":2,"name":"Actualitat"}]},{"@type":"WebSite","@id":"http:\/\/penya-blaugrana-rossello.com\/ca\/#website","url":"http:\/\/penya-blaugrana-rossello.com\/ca\/","name":"Penya Blaugrana del Rossell\u00f3","description":"Penya Oficial del FC Barcelona (1042)","publisher":{"@id":"http:\/\/penya-blaugrana-rossello.com\/ca\/#organization"},"potentialAction":[{"@type":"SearchAction","target":{"@type":"EntryPoint","urlTemplate":"http:\/\/penya-blaugrana-rossello.com\/ca\/?s={search_term_string}"},"query-input":{"@type":"PropertyValueSpecification","valueRequired":true,"valueName":"search_term_string"}}],"inLanguage":"ca"},{"@type":"Organization","@id":"http:\/\/penya-blaugrana-rossello.com\/ca\/#organization","name":"Penya Blaugrana del Rossell\u00f3","url":"http:\/\/penya-blaugrana-rossello.com\/ca\/","logo":{"@type":"ImageObject","inLanguage":"ca","@id":"http:\/\/penya-blaugrana-rossello.com\/ca\/#\/schema\/logo\/image\/","url":"http:\/\/penya-blaugrana-rossello.com\/wp-content\/uploads\/2026\/02\/EscutPenya_HEADER-e1770805682610.png","contentUrl":"http:\/\/penya-blaugrana-rossello.com\/wp-content\/uploads\/2026\/02\/EscutPenya_HEADER-e1770805682610.png","width":1150,"height":1108,"caption":"Penya Blaugrana del Rossell\u00f3"},"image":{"@id":"http:\/\/penya-blaugrana-rossello.com\/ca\/#\/schema\/logo\/image\/"},"sameAs":["https:\/\/www.facebook.com\/penya.blaugrana.rossello\/"]}]}},"_links":{"self":[{"href":"http:\/\/penya-blaugrana-rossello.com\/ca\/wp-json\/wp\/v2\/pages\/1064","targetHints":{"allow":["GET"]}}],"collection":[{"href":"http:\/\/penya-blaugrana-rossello.com\/ca\/wp-json\/wp\/v2\/pages"}],"about":[{"href":"http:\/\/penya-blaugrana-rossello.com\/ca\/wp-json\/wp\/v2\/types\/page"}],"author":[{"embeddable":true,"href":"http:\/\/penya-blaugrana-rossello.com\/ca\/wp-json\/wp\/v2\/users\/1"}],"replies":[{"embeddable":true,"href":"http:\/\/penya-blaugrana-rossello.com\/ca\/wp-json\/wp\/v2\/comments?post=1064"}],"version-history":[{"count":7,"href":"http:\/\/penya-blaugrana-rossello.com\/ca\/wp-json\/wp\/v2\/pages\/1064\/revisions"}],"predecessor-version":[{"id":1524,"href":"http:\/\/penya-blaugrana-rossello.com\/ca\/wp-json\/wp\/v2\/pages\/1064\/revisions\/1524"}],"wp:attachment":[{"href":"http:\/\/penya-blaugrana-rossello.com\/ca\/wp-json\/wp\/v2\/media?parent=1064"}],"curies":[{"name":"wp","href":"https:\/\/api.w.org\/{rel}","templated":true}]}}