{"id":1050,"date":"2026-02-08T23:18:40","date_gmt":"2026-02-08T22:18:40","guid":{"rendered":"https:\/\/penya-blaugrana-rossello.com\/inici\/"},"modified":"2026-03-28T17:20:27","modified_gmt":"2026-03-28T16:20:27","slug":"inici","status":"publish","type":"page","link":"http:\/\/penya-blaugrana-rossello.com\/ca\/","title":{"rendered":"Inici"},"content":{"rendered":"\t\t<div data-elementor-type=\"wp-page\" data-elementor-id=\"1050\" class=\"elementor elementor-1050 elementor-12\" data-elementor-post-type=\"page\">\n\t\t\t\t<div class=\"elementor-element elementor-element-9670e03 e-flex e-con-boxed e-con e-parent\" data-id=\"9670e03\" data-element_type=\"container\" data-e-type=\"container\">\n\t\t\t\t\t<div class=\"e-con-inner\">\n\t\t<div class=\"elementor-element elementor-element-c2f80a9 e-con-full e-flex e-con e-child\" data-id=\"c2f80a9\" data-element_type=\"container\" data-e-type=\"container\">\n\t\t<div class=\"elementor-element elementor-element-edcf32d e-flex e-con-boxed e-con e-child\" data-id=\"edcf32d\" data-element_type=\"container\" data-e-type=\"container\">\n\t\t\t\t\t<div class=\"e-con-inner\">\n\t\t<div class=\"elementor-element elementor-element-0406c3d e-con-full e-flex e-con e-child\" data-id=\"0406c3d\" data-element_type=\"container\" data-e-type=\"container\">\n\t\t\t\t<div class=\"elementor-element elementor-element-7aa3f6c elementor-widget elementor-widget-image\" data-id=\"7aa3f6c\" data-element_type=\"widget\" data-e-type=\"widget\" data-widget_type=\"image.default\">\n\t\t\t\t\t\t\t\t\t\t\t\t\t\t\t<img decoding=\"async\" src=\"http:\/\/penya-blaugrana-rossello.com\/wp-content\/uploads\/2026\/02\/EscutPenya_HEADER-e1770805682610.png\" title=\"\" alt=\"Penya Logo\" loading=\"lazy\" \/>\t\t\t\t\t\t\t\t\t\t\t\t\t\t\t<\/div>\n\t\t\t\t<\/div>\n\t\t<div class=\"elementor-element elementor-element-0851227 e-con-full e-flex e-con e-child\" data-id=\"0851227\" data-element_type=\"container\" data-e-type=\"container\">\n\t\t\t\t<div class=\"elementor-element elementor-element-519657a elementor-widget elementor-widget-heading\" data-id=\"519657a\" data-element_type=\"widget\" data-e-type=\"widget\" data-widget_type=\"heading.default\">\n\t\t\t\t\t<h2 class=\"elementor-heading-title elementor-size-default\">PENYA Blaugrana<\/h2>\t\t\t\t<\/div>\n\t\t\t\t<div class=\"elementor-element elementor-element-8fb4ad6 elementor-widget elementor-widget-heading\" data-id=\"8fb4ad6\" data-element_type=\"widget\" data-e-type=\"widget\" data-widget_type=\"heading.default\">\n\t\t\t\t\t<h2 class=\"elementor-heading-title elementor-size-default\">del Rossell\u00f3<\/h2>\t\t\t\t<\/div>\n\t\t\t\t<div class=\"elementor-element elementor-element-97854c8 elementor-widget elementor-widget-heading\" data-id=\"97854c8\" data-element_type=\"widget\" data-e-type=\"widget\" data-widget_type=\"heading.default\">\n\t\t\t\t\t<h2 class=\"elementor-heading-title elementor-size-default\">1042<\/h2>\t\t\t\t<\/div>\n\t\t\t\t<\/div>\n\t\t\t\t\t<\/div>\n\t\t\t\t<\/div>\n\t\t<div class=\"elementor-element elementor-element-702abcc e-con-full e-flex e-con e-child\" data-id=\"702abcc\" data-element_type=\"container\" data-e-type=\"container\">\n\t\t<div class=\"elementor-element elementor-element-153b757 e-con-full e-flex e-con e-child\" data-id=\"153b757\" data-element_type=\"container\" data-e-type=\"container\">\n\t\t\t\t<div class=\"elementor-element elementor-element-41e813b btn-or elementor-widget elementor-widget-button\" data-id=\"41e813b\" data-element_type=\"widget\" data-e-type=\"widget\" data-widget_type=\"button.default\">\n\t\t\t\t\t\t\t\t\t\t<a class=\"elementor-button elementor-button-link elementor-size-sm\" href=\"https:\/\/penya-blaugrana-rossello.com\/ca\/la-nostra-historia\/\">\n\t\t\t\t\t\t<span class=\"elementor-button-content-wrapper\">\n\t\t\t\t\t\t\t\t\t<span class=\"elementor-button-text\">La nostra instituci\u00f3<\/span>\n\t\t\t\t\t<\/span>\n\t\t\t\t\t<\/a>\n\t\t\t\t\t\t\t\t<\/div>\n\t\t\t\t<\/div>\n\t\t<div class=\"elementor-element elementor-element-0620dcb e-con-full e-flex e-con e-child\" data-id=\"0620dcb\" data-element_type=\"container\" data-e-type=\"container\">\n\t\t\t\t<div class=\"elementor-element elementor-element-7dbc15e elementor-align-center btn-grana elementor-widget elementor-widget-button\" data-id=\"7dbc15e\" data-element_type=\"widget\" data-e-type=\"widget\" data-slide=\"0\" data-widget_type=\"button.default\">\n\t\t\t\t\t\t\t\t\t\t<a class=\"elementor-button elementor-button-link elementor-size-sm\" href=\"https:\/\/penya-blaugrana-rossello.com\/ca\/actualitat\/\">\n\t\t\t\t\t\t<span class=\"elementor-button-content-wrapper\">\n\t\t\t\t\t\t\t\t\t<span class=\"elementor-button-text\">Vida de la Penya<\/span>\n\t\t\t\t\t<\/span>\n\t\t\t\t\t<\/a>\n\t\t\t\t\t\t\t\t<\/div>\n\t\t\t\t<\/div>\n\t\t<div class=\"elementor-element elementor-element-4ee1112 e-con-full e-flex e-con e-child\" data-id=\"4ee1112\" data-element_type=\"container\" data-e-type=\"container\">\n\t\t\t\t<div class=\"elementor-element elementor-element-e358714 elementor-align-center btn-blau elementor-widget elementor-widget-button\" data-id=\"e358714\" data-element_type=\"widget\" data-e-type=\"widget\" data-slide=\"1\" data-widget_type=\"button.default\">\n\t\t\t\t\t\t\t\t\t\t<a class=\"elementor-button elementor-button-link elementor-size-sm\" href=\"https:\/\/penya-blaugrana-rossello.com\/ca\/fes-te-penyista\/\">\n\t\t\t\t\t\t<span class=\"elementor-button-content-wrapper\">\n\t\t\t\t\t\t\t\t\t<span class=\"elementor-button-text\">Fes-te penyista<\/span>\n\t\t\t\t\t<\/span>\n\t\t\t\t\t<\/a>\n\t\t\t\t\t\t\t\t<\/div>\n\t\t\t\t<\/div>\n\t\t\t\t<\/div>\n\t\t\t\t<\/div>\n\t\t<div class=\"elementor-element elementor-element-f2803f9 e-con-full e-flex e-con e-child\" data-id=\"f2803f9\" data-element_type=\"container\" data-e-type=\"container\" data-settings=\"{&quot;background_background&quot;:&quot;classic&quot;}\">\n\t\t<div class=\"elementor-element elementor-element-162bb67 e-flex e-con-boxed e-con e-child\" data-id=\"162bb67\" data-element_type=\"container\" data-e-type=\"container\">\n\t\t\t\t\t<div class=\"e-con-inner\">\n\t\t<div class=\"elementor-element elementor-element-43d5564 e-con-full e-flex e-con e-child\" data-id=\"43d5564\" data-element_type=\"container\" data-e-type=\"container\">\n\t\t\t\t<div class=\"elementor-element elementor-element-49b1679 elementor-grid-3 elementor-grid-tablet-2 elementor-grid-mobile-1 elementor-posts--thumbnail-top elementor-card-shadow-yes elementor-posts__hover-gradient elementor-widget elementor-widget-posts\" data-id=\"49b1679\" data-element_type=\"widget\" data-e-type=\"widget\" data-settings=\"{&quot;cards_columns&quot;:&quot;3&quot;,&quot;cards_columns_tablet&quot;:&quot;2&quot;,&quot;cards_columns_mobile&quot;:&quot;1&quot;,&quot;cards_row_gap&quot;:{&quot;unit&quot;:&quot;px&quot;,&quot;size&quot;:35,&quot;sizes&quot;:[]},&quot;cards_row_gap_tablet&quot;:{&quot;unit&quot;:&quot;px&quot;,&quot;size&quot;:&quot;&quot;,&quot;sizes&quot;:[]},&quot;cards_row_gap_mobile&quot;:{&quot;unit&quot;:&quot;px&quot;,&quot;size&quot;:&quot;&quot;,&quot;sizes&quot;:[]}}\" data-widget_type=\"posts.cards\">\n\t\t\t\t<div class=\"elementor-widget-container\">\n\t\t\t\t\t\t\t<div class=\"elementor-posts-container elementor-posts elementor-posts--skin-cards elementor-grid\" role=\"list\">\n\t\t\t\t<article class=\"elementor-post elementor-grid-item post-1574 post type-post status-publish format-standard has-post-thumbnail hentry category-barca\" role=\"listitem\">\n\t\t\t<div class=\"elementor-post__card\">\n\t\t\t\t<a class=\"elementor-post__thumbnail__link\" href=\"http:\/\/penya-blaugrana-rossello.com\/ca\/2026\/03\/18\/%f0%9f%94%b5%f0%9f%94%b4-nit-de-festa-al-camp-nou-el-barca-goleja-el-newcastle-7-2-i-es-classifica-per-als-quarts\/\" tabindex=\"-1\" ><div class=\"elementor-post__thumbnail\"><img fetchpriority=\"high\" decoding=\"async\" width=\"300\" height=\"200\" src=\"http:\/\/penya-blaugrana-rossello.com\/wp-content\/uploads\/2026\/03\/newcastle-300x200.jpeg\" class=\"attachment-medium size-medium wp-image-1573\" alt=\"\" srcset=\"http:\/\/penya-blaugrana-rossello.com\/wp-content\/uploads\/2026\/03\/newcastle-300x200.jpeg 300w, http:\/\/penya-blaugrana-rossello.com\/wp-content\/uploads\/2026\/03\/newcastle-768x512.jpeg 768w, http:\/\/penya-blaugrana-rossello.com\/wp-content\/uploads\/2026\/03\/newcastle.jpeg 1024w\" sizes=\"(max-width: 300px) 100vw, 300px\" \/><\/div><\/a>\n\t\t\t\t<div class=\"elementor-post__badge\">Bar\u00e7a<\/div>\n\t\t\t\t<div class=\"elementor-post__text\">\n\t\t\t\t<h3 class=\"elementor-post__title\">\n\t\t\t<a href=\"http:\/\/penya-blaugrana-rossello.com\/ca\/2026\/03\/18\/%f0%9f%94%b5%f0%9f%94%b4-nit-de-festa-al-camp-nou-el-barca-goleja-el-newcastle-7-2-i-es-classifica-per-als-quarts\/\" >\n\t\t\t\t\ud83d\udd35\ud83d\udd34 Nit de festa al Camp Nou: el Bar\u00e7a goleja el Newcastle (7-2) i es classifica per als quarts\t\t\t<\/a>\n\t\t<\/h3>\n\t\t\t\t<div class=\"elementor-post__excerpt\">\n\t\t\t<p>El FC Barcelona ha viscut aquesta nit una gran cita europea en imposar-se amb contund\u00e8ncia per 7-2 davant el Newcastle United al Camp Nou, aconseguint<\/p>\n\t\t<\/div>\n\t\t\n\t\t<a class=\"elementor-post__read-more\" href=\"http:\/\/penya-blaugrana-rossello.com\/ca\/2026\/03\/18\/%f0%9f%94%b5%f0%9f%94%b4-nit-de-festa-al-camp-nou-el-barca-goleja-el-newcastle-7-2-i-es-classifica-per-als-quarts\/\" aria-label=\"Read more about \ud83d\udd35\ud83d\udd34 Nit de festa al Camp Nou: el Bar\u00e7a goleja el Newcastle (7-2) i es classifica per als quarts\" tabindex=\"-1\" >\n\t\t\tLlegeix m\u00e9s \u00bb\t\t<\/a>\n\n\t\t\t\t<\/div>\n\t\t\t\t<div class=\"elementor-post__meta-data\">\n\t\t\t\t\t<span class=\"elementor-post-date\">\n\t\t\t18 mar\u00e7 2026\t\t<\/span>\n\t\t\t\t<\/div>\n\t\t\t\t\t<\/div>\n\t\t<\/article>\n\t\t\t\t<article class=\"elementor-post elementor-grid-item post-1568 post type-post status-publish format-standard hentry category-barca\" role=\"listitem\">\n\t\t\t<div class=\"elementor-post__card\">\n\t\t\t\t<div class=\"elementor-post__text\">\n\t\t\t\t<h3 class=\"elementor-post__title\">\n\t\t\t<a href=\"http:\/\/penya-blaugrana-rossello.com\/ca\/2026\/03\/15\/%f0%9f%94%b5%f0%9f%94%b4-felicitats-al-president-laporta-una-nova-etapa-per-al-barca\/\" >\n\t\t\t\t\ud83d\udd35\ud83d\udd34 Felicitats al President Laporta: una nova etapa per al Bar\u00e7a\t\t\t<\/a>\n\t\t<\/h3>\n\t\t\t\t<div class=\"elementor-post__excerpt\">\n\t\t\t<p>La Penya Blaugrana del Rossell\u00f3 vol felicitar sincerament Joan Laporta per la seva vict\u00f2ria a les eleccions a la presid\u00e8ncia del FC Barcelona. Aquest resultat<\/p>\n\t\t<\/div>\n\t\t\n\t\t<a class=\"elementor-post__read-more\" href=\"http:\/\/penya-blaugrana-rossello.com\/ca\/2026\/03\/15\/%f0%9f%94%b5%f0%9f%94%b4-felicitats-al-president-laporta-una-nova-etapa-per-al-barca\/\" aria-label=\"Read more about \ud83d\udd35\ud83d\udd34 Felicitats al President Laporta: una nova etapa per al Bar\u00e7a\" tabindex=\"-1\" >\n\t\t\tLlegeix m\u00e9s \u00bb\t\t<\/a>\n\n\t\t\t\t<\/div>\n\t\t\t\t<div class=\"elementor-post__meta-data\">\n\t\t\t\t\t<span class=\"elementor-post-date\">\n\t\t\t15 mar\u00e7 2026\t\t<\/span>\n\t\t\t\t<\/div>\n\t\t\t\t\t<\/div>\n\t\t<\/article>\n\t\t\t\t<article class=\"elementor-post elementor-grid-item post-1541 post type-post status-publish format-standard hentry category-barca\" role=\"listitem\">\n\t\t\t<div class=\"elementor-post__card\">\n\t\t\t\t<div class=\"elementor-post__text\">\n\t\t\t\t<h3 class=\"elementor-post__title\">\n\t\t\t<a href=\"http:\/\/penya-blaugrana-rossello.com\/ca\/2026\/03\/08\/%f0%9f%94%b5%f0%9f%94%b4-un-golas-de-lamine-yamal-dona-tres-punts-dor-al-barca\/\" >\n\t\t\t\t\ud83d\udd35\ud83d\udd34 Un gol\u00e0s de Lamine Yamal dona tres punts d\u2019or al Bar\u00e7a\t\t\t<\/a>\n\t\t<\/h3>\n\t\t\t\t<div class=\"elementor-post__excerpt\">\n\t\t\t<p>El FC Barcelona va aconseguir ahir una vict\u00f2ria extremadament important al camp de l\u2019Athletic Club (0-1), gr\u00e0cies a un gol\u00e0s de Lamine Yamal que permet<\/p>\n\t\t<\/div>\n\t\t\n\t\t<a class=\"elementor-post__read-more\" href=\"http:\/\/penya-blaugrana-rossello.com\/ca\/2026\/03\/08\/%f0%9f%94%b5%f0%9f%94%b4-un-golas-de-lamine-yamal-dona-tres-punts-dor-al-barca\/\" aria-label=\"Read more about \ud83d\udd35\ud83d\udd34 Un gol\u00e0s de Lamine Yamal dona tres punts d\u2019or al Bar\u00e7a\" tabindex=\"-1\" >\n\t\t\tLlegeix m\u00e9s \u00bb\t\t<\/a>\n\n\t\t\t\t<\/div>\n\t\t\t\t<div class=\"elementor-post__meta-data\">\n\t\t\t\t\t<span class=\"elementor-post-date\">\n\t\t\t8 mar\u00e7 2026\t\t<\/span>\n\t\t\t\t<\/div>\n\t\t\t\t\t<\/div>\n\t\t<\/article>\n\t\t\t\t<\/div>\n\t\t\n\t\t\t\t\t\t<\/div>\n\t\t\t\t<\/div>\n\t\t\t\t<\/div>\n\t\t\t\t\t<\/div>\n\t\t\t\t<\/div>\n\t\t\t\t<\/div>\n\t\t\t\t\t<\/div>\n\t\t\t\t<\/div>\n\t\t<div class=\"elementor-element elementor-element-953a3cb e-flex e-con-boxed e-con e-parent\" data-id=\"953a3cb\" data-element_type=\"container\" data-e-type=\"container\">\n\t\t\t\t\t<div class=\"e-con-inner\">\n\t\t\t\t\t<\/div>\n\t\t\t\t<\/div>\n\t\t\t\t<\/div>\n\t\t","protected":false},"excerpt":{"rendered":"<p>PENYA Blaugrana del Rossell\u00f3 1042 La nostra instituci\u00f3 Vida de la Penya Fes-te penyista<\/p>\n","protected":false},"author":1,"featured_media":0,"parent":0,"menu_order":0,"comment_status":"closed","ping_status":"closed","template":"","meta":{"footnotes":""},"class_list":["post-1050","page","type-page","status-publish","hentry"],"yoast_head":"<!-- This site is optimized with the Yoast SEO plugin v27.2 - https:\/\/yoast.com\/product\/yoast-seo-wordpress\/ -->\n<title>Inici - Penya Blaugrana del Rossell\u00f3<\/title>\n<meta name=\"robots\" content=\"index, follow, max-snippet:-1, max-image-preview:large, max-video-preview:-1\" \/>\n<link rel=\"canonical\" href=\"http:\/\/penya-blaugrana-rossello.com\/ca\/\" \/>\n<meta property=\"og:locale\" content=\"ca_ES\" \/>\n<meta property=\"og:type\" content=\"article\" \/>\n<meta property=\"og:title\" content=\"Inici - Penya Blaugrana del Rossell\u00f3\" \/>\n<meta property=\"og:description\" content=\"PENYA Blaugrana del Rossell\u00f3 1042 La nostra instituci\u00f3 Vida de la Penya Fes-te penyista\" \/>\n<meta property=\"og:url\" content=\"http:\/\/penya-blaugrana-rossello.com\/ca\/\" \/>\n<meta property=\"og:site_name\" content=\"Penya Blaugrana del Rossell\u00f3\" \/>\n<meta property=\"article:publisher\" content=\"https:\/\/www.facebook.com\/penya.blaugrana.rossello\/\" \/>\n<meta property=\"article:modified_time\" content=\"2026-03-28T16:20:27+00:00\" \/>\n<meta property=\"og:image\" content=\"http:\/\/penya-blaugrana-rossello.com\/wp-content\/uploads\/2026\/02\/EscutPenya_HEADER-e1770805682610.png\" \/>\n<meta name=\"twitter:card\" content=\"summary_large_image\" \/>\n<script type=\"application\/ld+json\" class=\"yoast-schema-graph\">{\"@context\":\"https:\/\/schema.org\",\"@graph\":[{\"@type\":\"WebPage\",\"@id\":\"http:\/\/penya-blaugrana-rossello.com\/ca\/\",\"url\":\"http:\/\/penya-blaugrana-rossello.com\/ca\/\",\"name\":\"Inici - Penya Blaugrana del Rossell\u00f3\",\"isPartOf\":{\"@id\":\"http:\/\/penya-blaugrana-rossello.com\/ca\/#website\"},\"primaryImageOfPage\":{\"@id\":\"http:\/\/penya-blaugrana-rossello.com\/ca\/#primaryimage\"},\"image\":{\"@id\":\"http:\/\/penya-blaugrana-rossello.com\/ca\/#primaryimage\"},\"thumbnailUrl\":\"http:\/\/penya-blaugrana-rossello.com\/wp-content\/uploads\/2026\/02\/EscutPenya_HEADER-e1770805682610.png\",\"datePublished\":\"2026-02-08T22:18:40+00:00\",\"dateModified\":\"2026-03-28T16:20:27+00:00\",\"breadcrumb\":{\"@id\":\"http:\/\/penya-blaugrana-rossello.com\/ca\/#breadcrumb\"},\"inLanguage\":\"ca\",\"potentialAction\":[{\"@type\":\"ReadAction\",\"target\":[\"http:\/\/penya-blaugrana-rossello.com\/ca\/\"]}]},{\"@type\":\"ImageObject\",\"inLanguage\":\"ca\",\"@id\":\"http:\/\/penya-blaugrana-rossello.com\/ca\/#primaryimage\",\"url\":\"http:\/\/penya-blaugrana-rossello.com\/wp-content\/uploads\/2026\/02\/EscutPenya_HEADER-e1770805682610.png\",\"contentUrl\":\"http:\/\/penya-blaugrana-rossello.com\/wp-content\/uploads\/2026\/02\/EscutPenya_HEADER-e1770805682610.png\"},{\"@type\":\"BreadcrumbList\",\"@id\":\"http:\/\/penya-blaugrana-rossello.com\/ca\/#breadcrumb\",\"itemListElement\":[{\"@type\":\"ListItem\",\"position\":1,\"name\":\"Accueil\",\"item\":\"http:\/\/penya-blaugrana-rossello.com\/ca\/\"},{\"@type\":\"ListItem\",\"position\":2,\"name\":\"Inici\"}]},{\"@type\":\"WebSite\",\"@id\":\"http:\/\/penya-blaugrana-rossello.com\/ca\/#website\",\"url\":\"http:\/\/penya-blaugrana-rossello.com\/ca\/\",\"name\":\"Penya Blaugrana del Rossell\u00f3\",\"description\":\"Penya Oficial del FC Barcelona (1042)\",\"publisher\":{\"@id\":\"http:\/\/penya-blaugrana-rossello.com\/ca\/#organization\"},\"potentialAction\":[{\"@type\":\"SearchAction\",\"target\":{\"@type\":\"EntryPoint\",\"urlTemplate\":\"http:\/\/penya-blaugrana-rossello.com\/ca\/?s={search_term_string}\"},\"query-input\":{\"@type\":\"PropertyValueSpecification\",\"valueRequired\":true,\"valueName\":\"search_term_string\"}}],\"inLanguage\":\"ca\"},{\"@type\":\"Organization\",\"@id\":\"http:\/\/penya-blaugrana-rossello.com\/ca\/#organization\",\"name\":\"Penya Blaugrana del Rossell\u00f3\",\"url\":\"http:\/\/penya-blaugrana-rossello.com\/ca\/\",\"logo\":{\"@type\":\"ImageObject\",\"inLanguage\":\"ca\",\"@id\":\"http:\/\/penya-blaugrana-rossello.com\/ca\/#\/schema\/logo\/image\/\",\"url\":\"http:\/\/penya-blaugrana-rossello.com\/wp-content\/uploads\/2026\/02\/EscutPenya_HEADER-e1770805682610.png\",\"contentUrl\":\"http:\/\/penya-blaugrana-rossello.com\/wp-content\/uploads\/2026\/02\/EscutPenya_HEADER-e1770805682610.png\",\"width\":1150,\"height\":1108,\"caption\":\"Penya Blaugrana del Rossell\u00f3\"},\"image\":{\"@id\":\"http:\/\/penya-blaugrana-rossello.com\/ca\/#\/schema\/logo\/image\/\"},\"sameAs\":[\"https:\/\/www.facebook.com\/penya.blaugrana.rossello\/\"]}]}<\/script>\n<!-- \/ Yoast SEO plugin. -->","yoast_head_json":{"title":"Inici - Penya Blaugrana del Rossell\u00f3","robots":{"index":"index","follow":"follow","max-snippet":"max-snippet:-1","max-image-preview":"max-image-preview:large","max-video-preview":"max-video-preview:-1"},"canonical":"http:\/\/penya-blaugrana-rossello.com\/ca\/","og_locale":"ca_ES","og_type":"article","og_title":"Inici - Penya Blaugrana del Rossell\u00f3","og_description":"PENYA Blaugrana del Rossell\u00f3 1042 La nostra instituci\u00f3 Vida de la Penya Fes-te penyista","og_url":"http:\/\/penya-blaugrana-rossello.com\/ca\/","og_site_name":"Penya Blaugrana del Rossell\u00f3","article_publisher":"https:\/\/www.facebook.com\/penya.blaugrana.rossello\/","article_modified_time":"2026-03-28T16:20:27+00:00","og_image":[{"url":"http:\/\/penya-blaugrana-rossello.com\/wp-content\/uploads\/2026\/02\/EscutPenya_HEADER-e1770805682610.png","type":"","width":"","height":""}],"twitter_card":"summary_large_image","schema":{"@context":"https:\/\/schema.org","@graph":[{"@type":"WebPage","@id":"http:\/\/penya-blaugrana-rossello.com\/ca\/","url":"http:\/\/penya-blaugrana-rossello.com\/ca\/","name":"Inici - Penya Blaugrana del Rossell\u00f3","isPartOf":{"@id":"http:\/\/penya-blaugrana-rossello.com\/ca\/#website"},"primaryImageOfPage":{"@id":"http:\/\/penya-blaugrana-rossello.com\/ca\/#primaryimage"},"image":{"@id":"http:\/\/penya-blaugrana-rossello.com\/ca\/#primaryimage"},"thumbnailUrl":"http:\/\/penya-blaugrana-rossello.com\/wp-content\/uploads\/2026\/02\/EscutPenya_HEADER-e1770805682610.png","datePublished":"2026-02-08T22:18:40+00:00","dateModified":"2026-03-28T16:20:27+00:00","breadcrumb":{"@id":"http:\/\/penya-blaugrana-rossello.com\/ca\/#breadcrumb"},"inLanguage":"ca","potentialAction":[{"@type":"ReadAction","target":["http:\/\/penya-blaugrana-rossello.com\/ca\/"]}]},{"@type":"ImageObject","inLanguage":"ca","@id":"http:\/\/penya-blaugrana-rossello.com\/ca\/#primaryimage","url":"http:\/\/penya-blaugrana-rossello.com\/wp-content\/uploads\/2026\/02\/EscutPenya_HEADER-e1770805682610.png","contentUrl":"http:\/\/penya-blaugrana-rossello.com\/wp-content\/uploads\/2026\/02\/EscutPenya_HEADER-e1770805682610.png"},{"@type":"BreadcrumbList","@id":"http:\/\/penya-blaugrana-rossello.com\/ca\/#breadcrumb","itemListElement":[{"@type":"ListItem","position":1,"name":"Accueil","item":"http:\/\/penya-blaugrana-rossello.com\/ca\/"},{"@type":"ListItem","position":2,"name":"Inici"}]},{"@type":"WebSite","@id":"http:\/\/penya-blaugrana-rossello.com\/ca\/#website","url":"http:\/\/penya-blaugrana-rossello.com\/ca\/","name":"Penya Blaugrana del Rossell\u00f3","description":"Penya Oficial del FC Barcelona (1042)","publisher":{"@id":"http:\/\/penya-blaugrana-rossello.com\/ca\/#organization"},"potentialAction":[{"@type":"SearchAction","target":{"@type":"EntryPoint","urlTemplate":"http:\/\/penya-blaugrana-rossello.com\/ca\/?s={search_term_string}"},"query-input":{"@type":"PropertyValueSpecification","valueRequired":true,"valueName":"search_term_string"}}],"inLanguage":"ca"},{"@type":"Organization","@id":"http:\/\/penya-blaugrana-rossello.com\/ca\/#organization","name":"Penya Blaugrana del Rossell\u00f3","url":"http:\/\/penya-blaugrana-rossello.com\/ca\/","logo":{"@type":"ImageObject","inLanguage":"ca","@id":"http:\/\/penya-blaugrana-rossello.com\/ca\/#\/schema\/logo\/image\/","url":"http:\/\/penya-blaugrana-rossello.com\/wp-content\/uploads\/2026\/02\/EscutPenya_HEADER-e1770805682610.png","contentUrl":"http:\/\/penya-blaugrana-rossello.com\/wp-content\/uploads\/2026\/02\/EscutPenya_HEADER-e1770805682610.png","width":1150,"height":1108,"caption":"Penya Blaugrana del Rossell\u00f3"},"image":{"@id":"http:\/\/penya-blaugrana-rossello.com\/ca\/#\/schema\/logo\/image\/"},"sameAs":["https:\/\/www.facebook.com\/penya.blaugrana.rossello\/"]}]}},"_links":{"self":[{"href":"http:\/\/penya-blaugrana-rossello.com\/ca\/wp-json\/wp\/v2\/pages\/1050","targetHints":{"allow":["GET"]}}],"collection":[{"href":"http:\/\/penya-blaugrana-rossello.com\/ca\/wp-json\/wp\/v2\/pages"}],"about":[{"href":"http:\/\/penya-blaugrana-rossello.com\/ca\/wp-json\/wp\/v2\/types\/page"}],"author":[{"embeddable":true,"href":"http:\/\/penya-blaugrana-rossello.com\/ca\/wp-json\/wp\/v2\/users\/1"}],"replies":[{"embeddable":true,"href":"http:\/\/penya-blaugrana-rossello.com\/ca\/wp-json\/wp\/v2\/comments?post=1050"}],"version-history":[{"count":35,"href":"http:\/\/penya-blaugrana-rossello.com\/ca\/wp-json\/wp\/v2\/pages\/1050\/revisions"}],"predecessor-version":[{"id":1586,"href":"http:\/\/penya-blaugrana-rossello.com\/ca\/wp-json\/wp\/v2\/pages\/1050\/revisions\/1586"}],"wp:attachment":[{"href":"http:\/\/penya-blaugrana-rossello.com\/ca\/wp-json\/wp\/v2\/media?parent=1050"}],"curies":[{"name":"wp","href":"https:\/\/api.w.org\/{rel}","templated":true}]}}